{"id":1556,"date":"2025-10-29T11:12:42","date_gmt":"2025-10-29T11:12:42","guid":{"rendered":"https:\/\/dataomics.tech\/?page_id=1556"},"modified":"2025-10-30T08:32:42","modified_gmt":"2025-10-30T08:32:42","slug":"contacto","status":"publish","type":"page","link":"https:\/\/dataomics.tech\/en\/contacto\/","title":{"rendered":"Contact"},"content":{"rendered":"\t\t<div data-elementor-type=\"wp-page\" data-elementor-id=\"1556\" class=\"elementor elementor-1556\" data-elementor-post-type=\"page\">\n\t\t\t\t<div class=\"elementor-element elementor-element-83ec89b e-flex e-con-boxed e-con e-parent\" data-id=\"83ec89b\" data-element_type=\"container\" data-e-type=\"container\">\n\t\t\t\t\t<div class=\"e-con-inner\">\n\t\t<div class=\"elementor-element elementor-element-2646d16 e-con-full e-flex e-con e-child\" data-id=\"2646d16\" data-element_type=\"container\" data-e-type=\"container\">\n\t\t\t\t<div class=\"elementor-element elementor-element-166a390 elementor-widget elementor-widget-heading\" data-id=\"166a390\" data-element_type=\"widget\" data-e-type=\"widget\" data-widget_type=\"heading.default\">\n\t\t\t\t\t<h1 class=\"elementor-heading-title elementor-size-default\">CONTACTO<\/h1>\t\t\t\t<\/div>\n\t\t\t\t<div class=\"elementor-element elementor-element-a645dc2 elementor-widget elementor-widget-heading\" data-id=\"a645dc2\" data-element_type=\"widget\" data-e-type=\"widget\" data-widget_type=\"heading.default\">\n\t\t\t\t\t<h2 class=\"elementor-heading-title elementor-size-default\">Hablemos de tu pr\u00f3ximo proyecto.<\/h2>\t\t\t\t<\/div>\n\t\t\t\t<div class=\"elementor-element elementor-element-04f931c elementor-widget elementor-widget-text-editor\" data-id=\"04f931c\" data-element_type=\"widget\" data-e-type=\"widget\" data-widget_type=\"text-editor.default\">\n\t\t\t\t\t\t\t\t\t<p>Cu\u00e9ntanos tus objetivos y te prepararemos una propuesta personalizada.<\/p>\t\t\t\t\t\t\t\t<\/div>\n\t\t\t\t<div class=\"elementor-element elementor-element-7411ab0 elementor-position-inline-start elementor-mobile-position-inline-start elementor-view-default elementor-widget elementor-widget-icon-box\" data-id=\"7411ab0\" data-element_type=\"widget\" data-e-type=\"widget\" data-widget_type=\"icon-box.default\">\n\t\t\t\t\t\t\t<div class=\"elementor-icon-box-wrapper\">\n\n\t\t\t\t\t\t<div class=\"elementor-icon-box-icon\">\n\t\t\t\t<a href=\"mailto:info@dataomics.tech\" class=\"elementor-icon\" tabindex=\"-1\" aria-label=\"info@dataomics.tech\">\n\t\t\t\t<svg xmlns=\"http:\/\/www.w3.org\/2000\/svg\" width=\"30\" height=\"30\" viewBox=\"0 0 30 30\" fill=\"none\"><path d=\"M25 6.25H5C4.30964 6.25 3.75 6.80964 3.75 7.5V22.5C3.75 23.1904 4.30964 23.75 5 23.75H25C25.6904 23.75 26.25 23.1904 26.25 22.5V7.5C26.25 6.80964 25.6904 6.25 25 6.25Z\" stroke=\"#0E4573\" stroke-width=\"2.2\" stroke-linecap=\"round\" stroke-linejoin=\"round\"><\/path><path d=\"M25.7746 6.525L15.7746 14.3875C15.5539 14.5619 15.2809 14.6567 14.9996 14.6567C14.7183 14.6567 14.4453 14.5619 14.2246 14.3875L4.22461 6.525C4.44453 6.34855 4.71765 6.25164 4.99961 6.25H24.9996C25.2816 6.25164 25.5547 6.34855 25.7746 6.525Z\" stroke=\"#0E4573\" stroke-width=\"2.2\" stroke-linecap=\"round\" stroke-linejoin=\"round\"><\/path><\/svg>\t\t\t\t<\/a>\n\t\t\t<\/div>\n\t\t\t\n\t\t\t\t\t\t<div class=\"elementor-icon-box-content\">\n\n\t\t\t\t\t\t\t\t\t<p class=\"elementor-icon-box-title\">\n\t\t\t\t\t\t<a href=\"mailto:info@dataomics.tech\" >\n\t\t\t\t\t\t\tinfo@dataomics.tech\t\t\t\t\t\t<\/a>\n\t\t\t\t\t<\/p>\n\t\t\t\t\n\t\t\t\t\n\t\t\t<\/div>\n\t\t\t\n\t\t<\/div>\n\t\t\t\t\t\t<\/div>\n\t\t\t\t<div class=\"elementor-element elementor-element-e15ade0 elementor-widget elementor-widget-image\" data-id=\"e15ade0\" data-element_type=\"widget\" data-e-type=\"widget\" data-widget_type=\"image.default\">\n\t\t\t\t\t\t\t\t\t\t\t\t\t\t\t<img fetchpriority=\"high\" decoding=\"async\" width=\"800\" height=\"578\" src=\"https:\/\/dataomics.tech\/wp-content\/uploads\/2025\/10\/rectangle_20-1024x740.webp\" class=\"attachment-large size-large wp-image-1558\" alt=\"\" srcset=\"https:\/\/dataomics.tech\/wp-content\/uploads\/2025\/10\/rectangle_20-1024x740.webp 1024w, https:\/\/dataomics.tech\/wp-content\/uploads\/2025\/10\/rectangle_20-300x217.webp 300w, https:\/\/dataomics.tech\/wp-content\/uploads\/2025\/10\/rectangle_20-768x555.webp 768w, https:\/\/dataomics.tech\/wp-content\/uploads\/2025\/10\/rectangle_20-1536x1110.webp 1536w, https:\/\/dataomics.tech\/wp-content\/uploads\/2025\/10\/rectangle_20-2048x1480.webp 2048w\" sizes=\"(max-width: 800px) 100vw, 800px\" \/>\t\t\t\t\t\t\t\t\t\t\t\t\t\t\t<\/div>\n\t\t\t\t<\/div>\n\t\t<div class=\"elementor-element elementor-element-b7fb942 e-con-full e-flex e-con e-child\" data-id=\"b7fb942\" data-element_type=\"container\" data-e-type=\"container\">\n\t\t\t\t<div class=\"elementor-element elementor-element-fcc61fc elementor-button-align-stretch elementor-widget elementor-widget-form\" data-id=\"fcc61fc\" data-element_type=\"widget\" data-e-type=\"widget\" data-settings=\"{&quot;button_width&quot;:&quot;40&quot;,&quot;button_width_tablet&quot;:&quot;60&quot;,&quot;step_next_label&quot;:&quot;Next&quot;,&quot;step_previous_label&quot;:&quot;Previous&quot;,&quot;step_type&quot;:&quot;number_text&quot;,&quot;step_icon_shape&quot;:&quot;circle&quot;}\" data-widget_type=\"form.default\">\n\t\t\t\t\t\t\t<form class=\"elementor-form\" method=\"post\" name=\"New Form\" aria-label=\"New Form\">\n\t\t\t<input type=\"hidden\" name=\"post_id\" value=\"1556\"\/>\n\t\t\t<input type=\"hidden\" name=\"form_id\" value=\"fcc61fc\"\/>\n\t\t\t<input type=\"hidden\" name=\"referer_title\" value=\"DataOmics\" \/>\n\n\t\t\t\n\t\t\t<div class=\"elementor-form-fields-wrapper elementor-labels-above\">\n\t\t\t\t\t\t\t\t<div class=\"elementor-field-type-text elementor-field-group elementor-column elementor-field-group-name elementor-col-100 elementor-field-required\">\n\t\t\t\t\t\t\t\t\t\t\t\t<label for=\"form-field-name\" class=\"elementor-field-label\">\n\t\t\t\t\t\t\t\tNombre\t\t\t\t\t\t\t<\/label>\n\t\t\t\t\t\t\t\t\t\t\t\t\t\t<input size=\"1\" type=\"text\" name=\"form_fields[name]\" id=\"form-field-name\" class=\"elementor-field elementor-size-lg  elementor-field-textual\" placeholder=\"Nombre y Apellidos\" required=\"required\">\n\t\t\t\t\t\t\t\t\t\t\t<\/div>\n\t\t\t\t\t\t\t\t<div class=\"elementor-field-type-email elementor-field-group elementor-column elementor-field-group-email elementor-col-100 elementor-field-required\">\n\t\t\t\t\t\t\t\t\t\t\t\t<label for=\"form-field-email\" class=\"elementor-field-label\">\n\t\t\t\t\t\t\t\tEmail\t\t\t\t\t\t\t<\/label>\n\t\t\t\t\t\t\t\t\t\t\t\t\t\t<input size=\"1\" type=\"email\" name=\"form_fields[email]\" id=\"form-field-email\" class=\"elementor-field elementor-size-lg  elementor-field-textual\" placeholder=\"Email\" required=\"required\">\n\t\t\t\t\t\t\t\t\t\t\t<\/div>\n\t\t\t\t\t\t\t\t<div class=\"elementor-field-type-textarea elementor-field-group elementor-column elementor-field-group-message elementor-col-100 elementor-field-required\">\n\t\t\t\t\t\t\t\t\t\t\t\t<label for=\"form-field-message\" class=\"elementor-field-label\">\n\t\t\t\t\t\t\t\tMensaje\t\t\t\t\t\t\t<\/label>\n\t\t\t\t\t\t<textarea class=\"elementor-field-textual elementor-field  elementor-size-lg\" name=\"form_fields[message]\" id=\"form-field-message\" rows=\"8\" placeholder=\"Escribe tu mensaje aqu\u00ed\" required=\"required\"><\/textarea>\t\t\t\t<\/div>\n\t\t\t\t\t\t\t\t<div class=\"elementor-field-type-text\">\n\t\t\t\t\t<input size=\"1\" type=\"text\" name=\"form_fields[field_d9ae648]\" id=\"form-field-field_d9ae648\" class=\"elementor-field elementor-size-lg \" style=\"display:none !important;\">\t\t\t\t<\/div>\n\t\t\t\t\t\t\t\t<div class=\"elementor-field-group elementor-column elementor-field-type-submit elementor-col-40 e-form__buttons elementor-md-60\">\n\t\t\t\t\t<button class=\"elementor-button elementor-size-md\" type=\"submit\">\n\t\t\t\t\t\t<span class=\"elementor-button-content-wrapper\">\n\t\t\t\t\t\t\t\t\t\t\t\t\t\t\t\t\t\t\t\t\t\t<span class=\"elementor-button-text\">Enviar mensaje<\/span>\n\t\t\t\t\t\t\t\t\t\t\t\t\t<\/span>\n\t\t\t\t\t<\/button>\n\t\t\t\t<\/div>\n\t\t\t<\/div>\n\t\t<\/form>\n\t\t\t\t\t\t<\/div>\n\t\t\t\t<\/div>\n\t\t\t\t\t<\/div>\n\t\t\t\t<\/div>\n\t\t<div class=\"elementor-element elementor-element-a929f7d e-flex e-con-boxed e-con e-parent\" data-id=\"a929f7d\" data-element_type=\"container\" data-e-type=\"container\">\n\t\t\t\t\t<div class=\"e-con-inner\">\n\t\t<div class=\"elementor-element elementor-element-79719ad e-con-full e-flex e-con e-child\" data-id=\"79719ad\" data-element_type=\"container\" data-e-type=\"container\" data-settings=\"{&quot;background_background&quot;:&quot;classic&quot;}\">\n\t\t\t\t<div class=\"elementor-element elementor-element-b45c12c elementor-widget__width-initial elementor-widget-tablet__width-initial elementor-widget-mobile__width-initial elementor-widget elementor-widget-heading\" data-id=\"b45c12c\" data-element_type=\"widget\" data-e-type=\"widget\" data-widget_type=\"heading.default\">\n\t\t\t\t\t<h2 class=\"elementor-heading-title elementor-size-default\">Hablemos de tu pr\u00f3ximo proyecto.<\/h2>\t\t\t\t<\/div>\n\t\t\t\t<div class=\"elementor-element elementor-element-a38a56d elementor-widget__width-initial elementor-widget-tablet__width-initial elementor-widget-mobile__width-initial elementor-widget elementor-widget-text-editor\" data-id=\"a38a56d\" data-element_type=\"widget\" data-e-type=\"widget\" data-widget_type=\"text-editor.default\">\n\t\t\t\t\t\t\t\t\t<p>Cu\u00e9ntanos tus objetivos y te propondremos un enfoque experimental a medida.<\/p>\t\t\t\t\t\t\t\t<\/div>\n\t\t\t\t<div class=\"elementor-element elementor-element-6007191 elementor-widget elementor-widget-button\" data-id=\"6007191\" data-element_type=\"widget\" data-e-type=\"widget\" data-widget_type=\"button.default\">\n\t\t\t\t\t\t\t\t\t\t<a class=\"elementor-button elementor-button-link elementor-size-sm elementor-animation-shrink\" href=\"https:\/\/dataomics.tech\/quienes-somos\/\">\n\t\t\t\t\t\t<span class=\"elementor-button-content-wrapper\">\n\t\t\t\t\t\t\t\t\t<span class=\"elementor-button-text\">Sobre nosotros<\/span>\n\t\t\t\t\t<\/span>\n\t\t\t\t\t<\/a>\n\t\t\t\t\t\t\t\t<\/div>\n\t\t\t\t<\/div>\n\t\t\t\t\t<\/div>\n\t\t\t\t<\/div>\n\t\t\t\t<\/div>\n\t\t","protected":false},"excerpt":{"rendered":"<p>CONTACTO Hablemos de tu pr\u00f3ximo proyecto. Cu\u00e9ntanos tus objetivos y te prepararemos una propuesta personalizada. info@dataomics.tech Hablemos de tu pr\u00f3ximo proyecto. Cu\u00e9ntanos tus objetivos y te propondremos un enfoque experimental a medida. Sobre nosotros<\/p>","protected":false},"author":5,"featured_media":0,"parent":0,"menu_order":0,"comment_status":"closed","ping_status":"closed","template":"","meta":{"footnotes":""},"class_list":["post-1556","page","type-page","status-publish","hentry"],"yoast_head":"<!-- This site is optimized with the Yoast SEO plugin v27.4 - https:\/\/yoast.com\/product\/yoast-seo-wordpress\/ -->\n<title>Contacto | Dataomics.tech | 2026<\/title>\n<meta name=\"description\" content=\"CONTACTO Hablemos de tu pr\u00f3ximo proyecto. Cu\u00e9ntanos tus objetivos y te prepararemos una propuesta personalizada. info@dataomics.tech Hablemos de tu\" \/>\n<meta name=\"robots\" content=\"index, follow, max-snippet:-1, max-image-preview:large, max-video-preview:-1\" \/>\n<link rel=\"canonical\" href=\"https:\/\/dataomics.tech\/en\/contacto\/\" \/>\n<meta property=\"og:locale\" content=\"en_US\" \/>\n<meta property=\"og:type\" content=\"article\" \/>\n<meta property=\"og:title\" content=\"Contacto | Dataomics.tech | 2026\" \/>\n<meta property=\"og:description\" content=\"CONTACTO Hablemos de tu pr\u00f3ximo proyecto. Cu\u00e9ntanos tus objetivos y te prepararemos una propuesta personalizada. info@dataomics.tech Hablemos de tu\" \/>\n<meta property=\"og:url\" content=\"https:\/\/dataomics.tech\/en\/contacto\/\" \/>\n<meta property=\"og:site_name\" content=\"DataOmics\" \/>\n<meta property=\"article:modified_time\" content=\"2025-10-30T08:32:42+00:00\" \/>\n<meta property=\"og:image\" content=\"https:\/\/dataomics.tech\/wp-content\/uploads\/2025\/10\/rectangle_20.webp\" \/>\n\t<meta property=\"og:image:width\" content=\"2148\" \/>\n\t<meta property=\"og:image:height\" content=\"1552\" \/>\n\t<meta property=\"og:image:type\" content=\"image\/webp\" \/>\n<meta name=\"twitter:card\" content=\"summary_large_image\" \/>\n<meta name=\"twitter:label1\" content=\"Est. reading time\" \/>\n\t<meta name=\"twitter:data1\" content=\"1 minute\" \/>\n<script type=\"application\/ld+json\" class=\"yoast-schema-graph\">{\"@context\":\"https:\\\/\\\/schema.org\",\"@graph\":[{\"@type\":\"WebPage\",\"@id\":\"https:\\\/\\\/dataomics.tech\\\/contacto\\\/\",\"url\":\"https:\\\/\\\/dataomics.tech\\\/contacto\\\/\",\"name\":\"Contacto | Dataomics.tech | 2026\",\"isPartOf\":{\"@id\":\"https:\\\/\\\/dataomics.tech\\\/#website\"},\"primaryImageOfPage\":{\"@id\":\"https:\\\/\\\/dataomics.tech\\\/contacto\\\/#primaryimage\"},\"image\":{\"@id\":\"https:\\\/\\\/dataomics.tech\\\/contacto\\\/#primaryimage\"},\"thumbnailUrl\":\"https:\\\/\\\/dataomics.tech\\\/wp-content\\\/uploads\\\/2025\\\/10\\\/rectangle_20-1024x740.webp\",\"datePublished\":\"2025-10-29T11:12:42+00:00\",\"dateModified\":\"2025-10-30T08:32:42+00:00\",\"description\":\"CONTACTO Hablemos de tu pr\u00f3ximo proyecto. Cu\u00e9ntanos tus objetivos y te prepararemos una propuesta personalizada. info@dataomics.tech Hablemos de tu\",\"breadcrumb\":{\"@id\":\"https:\\\/\\\/dataomics.tech\\\/contacto\\\/#breadcrumb\"},\"inLanguage\":\"en-US\",\"potentialAction\":[{\"@type\":\"ReadAction\",\"target\":[\"https:\\\/\\\/dataomics.tech\\\/contacto\\\/\"]}]},{\"@type\":\"ImageObject\",\"inLanguage\":\"en-US\",\"@id\":\"https:\\\/\\\/dataomics.tech\\\/contacto\\\/#primaryimage\",\"url\":\"https:\\\/\\\/dataomics.tech\\\/wp-content\\\/uploads\\\/2025\\\/10\\\/rectangle_20-1024x740.webp\",\"contentUrl\":\"https:\\\/\\\/dataomics.tech\\\/wp-content\\\/uploads\\\/2025\\\/10\\\/rectangle_20-1024x740.webp\"},{\"@type\":\"BreadcrumbList\",\"@id\":\"https:\\\/\\\/dataomics.tech\\\/contacto\\\/#breadcrumb\",\"itemListElement\":[{\"@type\":\"ListItem\",\"position\":1,\"name\":\"Portada\",\"item\":\"https:\\\/\\\/dataomics.tech\\\/\"},{\"@type\":\"ListItem\",\"position\":2,\"name\":\"Contacto\"}]},{\"@type\":\"WebSite\",\"@id\":\"https:\\\/\\\/dataomics.tech\\\/#website\",\"url\":\"https:\\\/\\\/dataomics.tech\\\/\",\"name\":\"DataOmics\",\"description\":\"\",\"publisher\":{\"@id\":\"https:\\\/\\\/dataomics.tech\\\/#organization\"},\"potentialAction\":[{\"@type\":\"SearchAction\",\"target\":{\"@type\":\"EntryPoint\",\"urlTemplate\":\"https:\\\/\\\/dataomics.tech\\\/?s={search_term_string}\"},\"query-input\":{\"@type\":\"PropertyValueSpecification\",\"valueRequired\":true,\"valueName\":\"search_term_string\"}}],\"inLanguage\":\"en-US\"},{\"@type\":\"Organization\",\"@id\":\"https:\\\/\\\/dataomics.tech\\\/#organization\",\"name\":\"DataOmics\",\"url\":\"https:\\\/\\\/dataomics.tech\\\/\",\"logo\":{\"@type\":\"ImageObject\",\"inLanguage\":\"en-US\",\"@id\":\"https:\\\/\\\/dataomics.tech\\\/#\\\/schema\\\/logo\\\/image\\\/\",\"url\":\"https:\\\/\\\/dataomics.tech\\\/wp-content\\\/uploads\\\/2020\\\/09\\\/do-dataomicsv.png\",\"contentUrl\":\"https:\\\/\\\/dataomics.tech\\\/wp-content\\\/uploads\\\/2020\\\/09\\\/do-dataomicsv.png\",\"width\":1800,\"height\":1200,\"caption\":\"DataOmics\"},\"image\":{\"@id\":\"https:\\\/\\\/dataomics.tech\\\/#\\\/schema\\\/logo\\\/image\\\/\"}}]}<\/script>\n<!-- \/ Yoast SEO plugin. -->","yoast_head_json":{"title":"Contacto | Dataomics.tech | 2026","description":"CONTACTO Hablemos de tu pr\u00f3ximo proyecto. Cu\u00e9ntanos tus objetivos y te prepararemos una propuesta personalizada. info@dataomics.tech Hablemos de tu","robots":{"index":"index","follow":"follow","max-snippet":"max-snippet:-1","max-image-preview":"max-image-preview:large","max-video-preview":"max-video-preview:-1"},"canonical":"https:\/\/dataomics.tech\/en\/contacto\/","og_locale":"en_US","og_type":"article","og_title":"Contacto | Dataomics.tech | 2026","og_description":"CONTACTO Hablemos de tu pr\u00f3ximo proyecto. Cu\u00e9ntanos tus objetivos y te prepararemos una propuesta personalizada. info@dataomics.tech Hablemos de tu","og_url":"https:\/\/dataomics.tech\/en\/contacto\/","og_site_name":"DataOmics","article_modified_time":"2025-10-30T08:32:42+00:00","og_image":[{"width":2148,"height":1552,"url":"https:\/\/dataomics.tech\/wp-content\/uploads\/2025\/10\/rectangle_20.webp","type":"image\/webp"}],"twitter_card":"summary_large_image","twitter_misc":{"Est. reading time":"1 minute"},"schema":{"@context":"https:\/\/schema.org","@graph":[{"@type":"WebPage","@id":"https:\/\/dataomics.tech\/contacto\/","url":"https:\/\/dataomics.tech\/contacto\/","name":"Contacto | Dataomics.tech | 2026","isPartOf":{"@id":"https:\/\/dataomics.tech\/#website"},"primaryImageOfPage":{"@id":"https:\/\/dataomics.tech\/contacto\/#primaryimage"},"image":{"@id":"https:\/\/dataomics.tech\/contacto\/#primaryimage"},"thumbnailUrl":"https:\/\/dataomics.tech\/wp-content\/uploads\/2025\/10\/rectangle_20-1024x740.webp","datePublished":"2025-10-29T11:12:42+00:00","dateModified":"2025-10-30T08:32:42+00:00","description":"CONTACTO Hablemos de tu pr\u00f3ximo proyecto. Cu\u00e9ntanos tus objetivos y te prepararemos una propuesta personalizada. info@dataomics.tech Hablemos de tu","breadcrumb":{"@id":"https:\/\/dataomics.tech\/contacto\/#breadcrumb"},"inLanguage":"en-US","potentialAction":[{"@type":"ReadAction","target":["https:\/\/dataomics.tech\/contacto\/"]}]},{"@type":"ImageObject","inLanguage":"en-US","@id":"https:\/\/dataomics.tech\/contacto\/#primaryimage","url":"https:\/\/dataomics.tech\/wp-content\/uploads\/2025\/10\/rectangle_20-1024x740.webp","contentUrl":"https:\/\/dataomics.tech\/wp-content\/uploads\/2025\/10\/rectangle_20-1024x740.webp"},{"@type":"BreadcrumbList","@id":"https:\/\/dataomics.tech\/contacto\/#breadcrumb","itemListElement":[{"@type":"ListItem","position":1,"name":"Portada","item":"https:\/\/dataomics.tech\/"},{"@type":"ListItem","position":2,"name":"Contacto"}]},{"@type":"WebSite","@id":"https:\/\/dataomics.tech\/#website","url":"https:\/\/dataomics.tech\/","name":"DataOmics","description":"","publisher":{"@id":"https:\/\/dataomics.tech\/#organization"},"potentialAction":[{"@type":"SearchAction","target":{"@type":"EntryPoint","urlTemplate":"https:\/\/dataomics.tech\/?s={search_term_string}"},"query-input":{"@type":"PropertyValueSpecification","valueRequired":true,"valueName":"search_term_string"}}],"inLanguage":"en-US"},{"@type":"Organization","@id":"https:\/\/dataomics.tech\/#organization","name":"DataOmics","url":"https:\/\/dataomics.tech\/","logo":{"@type":"ImageObject","inLanguage":"en-US","@id":"https:\/\/dataomics.tech\/#\/schema\/logo\/image\/","url":"https:\/\/dataomics.tech\/wp-content\/uploads\/2020\/09\/do-dataomicsv.png","contentUrl":"https:\/\/dataomics.tech\/wp-content\/uploads\/2020\/09\/do-dataomicsv.png","width":1800,"height":1200,"caption":"DataOmics"},"image":{"@id":"https:\/\/dataomics.tech\/#\/schema\/logo\/image\/"}}]}},"_links":{"self":[{"href":"https:\/\/dataomics.tech\/en\/wp-json\/wp\/v2\/pages\/1556","targetHints":{"allow":["GET"]}}],"collection":[{"href":"https:\/\/dataomics.tech\/en\/wp-json\/wp\/v2\/pages"}],"about":[{"href":"https:\/\/dataomics.tech\/en\/wp-json\/wp\/v2\/types\/page"}],"author":[{"embeddable":true,"href":"https:\/\/dataomics.tech\/en\/wp-json\/wp\/v2\/users\/5"}],"replies":[{"embeddable":true,"href":"https:\/\/dataomics.tech\/en\/wp-json\/wp\/v2\/comments?post=1556"}],"version-history":[{"count":15,"href":"https:\/\/dataomics.tech\/en\/wp-json\/wp\/v2\/pages\/1556\/revisions"}],"predecessor-version":[{"id":1635,"href":"https:\/\/dataomics.tech\/en\/wp-json\/wp\/v2\/pages\/1556\/revisions\/1635"}],"wp:attachment":[{"href":"https:\/\/dataomics.tech\/en\/wp-json\/wp\/v2\/media?parent=1556"}],"curies":[{"name":"wp","href":"https:\/\/api.w.org\/{rel}","templated":true}]}}