{"id":1176,"date":"2025-10-15T07:52:27","date_gmt":"2025-10-15T07:52:27","guid":{"rendered":"https:\/\/dataomics.tech\/?page_id=1176"},"modified":"2025-11-12T15:37:08","modified_gmt":"2025-11-12T14:37:08","slug":"politica-de-privacidad-y-cookies","status":"publish","type":"page","link":"https:\/\/dataomics.tech\/en\/politica-de-privacidad-y-cookies\/","title":{"rendered":"Politica de Privacidad y Cookies"},"content":{"rendered":"<div data-elementor-type=\"wp-page\" data-elementor-id=\"1176\" class=\"elementor elementor-1176\" data-elementor-post-type=\"page\">\n\t\t\t\t<div class=\"elementor-element elementor-element-aae124e e-flex e-con-boxed e-con e-parent\" data-id=\"aae124e\" data-element_type=\"container\" data-e-type=\"container\" data-settings=\"{&quot;background_background&quot;:&quot;classic&quot;}\">\n\t\t\t\t\t<div class=\"e-con-inner\">\n\t\t<div class=\"elementor-element elementor-element-7691f04 e-con-full e-flex e-con e-child\" data-id=\"7691f04\" data-element_type=\"container\" data-e-type=\"container\" data-settings=\"{&quot;background_background&quot;:&quot;classic&quot;}\">\n\t\t\t\t<div class=\"elementor-element elementor-element-cc83c8d elementor-widget__width-initial elementor-widget-tablet__width-initial elementor-widget elementor-widget-heading\" data-id=\"cc83c8d\" data-element_type=\"widget\" data-e-type=\"widget\" data-widget_type=\"heading.default\">\n\t\t\t\t\t<h1 class=\"elementor-heading-title elementor-size-default\">Pol\u00edtica de privacidad<\/h1>\t\t\t\t<\/div>\n\t\t\t\t<\/div>\n\t\t\t\t\t<\/div>\n\t\t\t\t<\/div>\n\t\t<div class=\"elementor-element elementor-element-11791d1 e-flex e-con-boxed e-con e-parent\" data-id=\"11791d1\" data-element_type=\"container\" data-e-type=\"container\">\n\t\t\t\t\t<div class=\"e-con-inner\">\n\t\t\t\t<div class=\"elementor-element elementor-element-6db3691 elementor-widget__width-initial elementor-widget-mobile__width-inherit elementor-widget elementor-widget-text-editor\" data-id=\"6db3691\" data-element_type=\"widget\" data-e-type=\"widget\" data-widget_type=\"text-editor.default\">\n\t\t\t\t\t\t\t\t\t<h3 data-start=\"76\" data-end=\"104\">INFORMACI\u00d3N AL USUARIO<\/h3><p data-start=\"106\" data-end=\"446\"><strong data-start=\"106\" data-end=\"119\">Dataomics<\/strong>, como Responsable del Tratamiento, le informa que, seg\u00fan lo dispuesto en el <strong data-start=\"196\" data-end=\"224\">Reglamento (UE) 2016\/679<\/strong>, de 27 de abril (RGPD) y en la <strong data-start=\"256\" data-end=\"271\">L.O. 3\/2018<\/strong>, de 5 de diciembre, de protecci\u00f3n de datos y garant\u00eda de los derechos digitales (LOPDGDD), trataremos sus datos tal y como reflejamos en la presente Pol\u00edtica de Privacidad.<\/p><p data-start=\"448\" data-end=\"688\">En esta Pol\u00edtica de Privacidad describimos c\u00f3mo recogemos sus datos personales y por qu\u00e9 los recogemos, qu\u00e9 hacemos con ellos, con qui\u00e9n los compartimos, c\u00f3mo los protegemos y sus opciones en cuanto al tratamiento de sus datos personales.<\/p><p data-start=\"690\" data-end=\"925\">Esta Pol\u00edtica se aplica al tratamiento de sus datos personales recogidos por la empresa para la prestaci\u00f3n de sus servicios. Si acepta las medidas de esta Pol\u00edtica, acepta que tratemos sus datos personales como se define en la misma.<\/p><hr data-start=\"927\" data-end=\"930\" \/><h3 data-start=\"932\" data-end=\"946\">CONTACTO<\/h3><p data-start=\"948\" data-end=\"1070\"><strong data-start=\"948\" data-end=\"972\">Denominaci\u00f3n social:<\/strong> Dataomics<br data-start=\"982\" data-end=\"985\" \/><strong data-start=\"985\" data-end=\"996\">E-mail:<\/strong> <a class=\"decorated-link cursor-pointer\" rel=\"noopener\" data-start=\"997\" data-end=\"1016\">info@dataomics.tech<\/a><br data-start=\"1016\" data-end=\"1019\" \/><strong data-start=\"1019\" data-end=\"1027\">Web:<\/strong> <a class=\"decorated-link\" href=\"https:\/\/dataomics.tech\/en\/\" target=\"_new\" rel=\"noopener\" data-start=\"1028\" data-end=\"1068\">dataomics.tech<\/a><\/p><hr data-start=\"1072\" data-end=\"1075\" \/><h3 data-start=\"1077\" data-end=\"1099\">PRINCIPIOS CLAVE<\/h3><p data-start=\"1101\" data-end=\"1290\">En Dataomics estamos comprometidos con prestar nuestros servicios con el m\u00e1s alto grado de calidad, lo que incluye tratar sus datos con seguridad y transparencia. Nuestros principios son:<\/p><ul data-start=\"1292\" data-end=\"2564\"><li data-start=\"1292\" data-end=\"1398\"><p data-start=\"1294\" data-end=\"1398\"><strong data-start=\"1294\" data-end=\"1308\">Legalidad:<\/strong> Solo recopilaremos sus datos personales para fines espec\u00edficos, expl\u00edcitos y leg\u00edtimos.<\/p><\/li><li data-start=\"1399\" data-end=\"1559\"><p data-start=\"1401\" data-end=\"1559\"><strong data-start=\"1401\" data-end=\"1427\">Minimizaci\u00f3n de datos:<\/strong> Limitamos la recogida de datos personales a lo estrictamente relevante y necesario para los fines para los que se han recopilado.<\/p><\/li><li data-start=\"1560\" data-end=\"1679\"><p data-start=\"1562\" data-end=\"1679\"><strong data-start=\"1562\" data-end=\"1593\">Limitaci\u00f3n de la finalidad:<\/strong> Solo recogeremos sus datos personales para los fines declarados y seg\u00fan sus deseos.<\/p><\/li><li data-start=\"1680\" data-end=\"1756\"><p data-start=\"1682\" data-end=\"1756\"><strong data-start=\"1682\" data-end=\"1696\">Precisi\u00f3n:<\/strong> Mantendremos sus datos personales exactos y actualizados.<\/p><\/li><li data-start=\"1757\" data-end=\"1930\"><p data-start=\"1759\" data-end=\"1930\"><strong data-start=\"1759\" data-end=\"1786\">Seguridad de los datos:<\/strong> Aplicamos medidas t\u00e9cnicas y organizativas adecuadas y proporcionales para garantizar que sus datos no sufran da\u00f1os o accesos no autorizados.<\/p><\/li><li data-start=\"1931\" data-end=\"2052\"><p data-start=\"1933\" data-end=\"2052\"><strong data-start=\"1933\" data-end=\"1960\">Acceso y rectificaci\u00f3n:<\/strong> Disponemos de medios para que acceda o rectifique sus datos cuando lo considere oportuno.<\/p><\/li><li data-start=\"2053\" data-end=\"2182\"><p data-start=\"2055\" data-end=\"2182\"><strong data-start=\"2055\" data-end=\"2072\">Conservaci\u00f3n:<\/strong> Conservamos sus datos personales solo mientras sea necesario para los fines para los que se han recopilado.<\/p><\/li><li data-start=\"2183\" data-end=\"2298\"><p data-start=\"2185\" data-end=\"2298\"><strong data-start=\"2185\" data-end=\"2220\">Transferencias internacionales:<\/strong> En caso de realizarse, se proteger\u00e1n adecuadamente conforme a la normativa.<\/p><\/li><li data-start=\"2299\" data-end=\"2452\"><p data-start=\"2301\" data-end=\"2452\"><strong data-start=\"2301\" data-end=\"2314\">Terceros:<\/strong> El acceso o transferencia de datos a terceros se realizar\u00e1 conforme a las leyes aplicables y con las garant\u00edas contractuales adecuadas.<\/p><\/li><li data-start=\"2453\" data-end=\"2564\"><p data-start=\"2455\" data-end=\"2564\"><strong data-start=\"2455\" data-end=\"2487\">Marketing directo y cookies:<\/strong> Cumplimos con la legislaci\u00f3n aplicable en materia de publicidad y cookies.<\/p><\/li><\/ul><hr data-start=\"2566\" data-end=\"2569\" \/><h3 data-start=\"2571\" data-end=\"2623\">RECOGIDA Y TRATAMIENTO DE SUS DATOS PERSONALES<\/h3><p data-start=\"2625\" data-end=\"2683\">Los tipos de datos que se pueden solicitar y tratar son:<\/p><ul data-start=\"2684\" data-end=\"2721\"><li data-start=\"2684\" data-end=\"2721\"><p data-start=\"2686\" data-end=\"2721\">Datos de car\u00e1cter identificativo.<\/p><\/li><\/ul><p data-start=\"2723\" data-end=\"2849\">Tambi\u00e9n recogemos de forma autom\u00e1tica datos sobre su visita a nuestro sitio web seg\u00fan se describe en la pol\u00edtica de cookies.<\/p><p data-start=\"2851\" data-end=\"2927\">En general, recogemos y tratamos sus datos personales con el prop\u00f3sito de:<\/p><ul data-start=\"2928\" data-end=\"3058\"><li data-start=\"2928\" data-end=\"3004\"><p data-start=\"2930\" data-end=\"3004\">Proporcionar informaci\u00f3n, servicios, productos y novedades en el sector.<\/p><\/li><li data-start=\"3005\" data-end=\"3058\"><p data-start=\"3007\" data-end=\"3058\">Enviar comunicaciones informativas o comerciales.<\/p><\/li><\/ul><hr data-start=\"3060\" data-end=\"3063\" \/><h3 data-start=\"3065\" data-end=\"3082\">LEGITIMIDAD<\/h3><p data-start=\"3084\" data-end=\"3197\">De acuerdo con la normativa de protecci\u00f3n de datos aplicable, sus datos personales podr\u00e1n tratarse siempre que:<\/p><ul data-start=\"3198\" data-end=\"3578\"><li data-start=\"3198\" data-end=\"3295\"><p data-start=\"3200\" data-end=\"3295\">Nos haya dado su consentimiento para el tratamiento (que podr\u00e1 retirar en cualquier momento).<\/p><\/li><li data-start=\"3296\" data-end=\"3330\"><p data-start=\"3298\" data-end=\"3330\">Exista un requerimiento legal.<\/p><\/li><li data-start=\"3331\" data-end=\"3491\"><p data-start=\"3333\" data-end=\"3491\">Exista un inter\u00e9s leg\u00edtimo que no se vea menoscabado por sus derechos de privacidad (por ejemplo, env\u00edo de informaci\u00f3n comercial a clientes o suscriptores).<\/p><\/li><li data-start=\"3492\" data-end=\"3578\"><p data-start=\"3494\" data-end=\"3578\">Sea necesario para la prestaci\u00f3n de un servicio mediante una relaci\u00f3n contractual.<\/p><\/li><\/ul><hr data-start=\"3580\" data-end=\"3583\" \/><h3 data-start=\"3585\" data-end=\"3623\">COMUNICACI\u00d3N DE DATOS PERSONALES<\/h3><p data-start=\"3625\" data-end=\"3851\">Los datos pueden ser comunicados a empresas relacionadas con <strong data-start=\"3686\" data-end=\"3699\">Dataomics<\/strong> para la prestaci\u00f3n de servicios en calidad de <strong data-start=\"3746\" data-end=\"3776\">Encargados del Tratamiento<\/strong>. La empresa no realizar\u00e1 ninguna cesi\u00f3n de datos salvo obligaci\u00f3n legal.<\/p><p data-start=\"3625\" data-end=\"3851\">\u00a0<\/p><ol start=\"7\" data-start=\"4229\" data-end=\"4244\"><li data-start=\"4229\" data-end=\"4244\"><h3 data-start=\"4232\" data-end=\"4244\">SUS DERECHOS<\/h3><\/li><\/ol><p data-start=\"4246\" data-end=\"5165\">En relaci\u00f3n con la recogida y tratamiento de sus datos personales, puede ponerse en contacto con nosotros en cualquier momento para:<br data-start=\"4378\" data-end=\"4381\" \/>Acceder a sus datos personales y a cualquier otra informaci\u00f3n indicada en el Art\u00edculo 15.1 del RGPD.<br data-start=\"4481\" data-end=\"4484\" \/>Rectificar sus datos personales que sean inexactos o est\u00e9n incompletos de acuerdo con el Art\u00edculo 16 del RGPD.<br data-start=\"4594\" data-end=\"4597\" \/>Suprimir sus datos personales de acuerdo con el Art\u00edculo 17 del RGPD.<br data-start=\"4666\" data-end=\"4669\" \/>Limitar el tratamiento de sus datos personales de acuerdo con el Art\u00edculo 18 del RGPD.<br data-start=\"4755\" data-end=\"4758\" \/>Solicitar la portabilidad de sus datos de acuerdo con el Art\u00edculo 20 del RGPD.<br data-start=\"4836\" data-end=\"4839\" \/>Oponerse al tratamiento de sus datos personales de acuerdo con el art\u00edculo 21 del RGPD.<br data-start=\"4926\" data-end=\"4929\" \/>Si ha otorgado su consentimiento para alguna finalidad concreta, tiene derecho a retirar el consentimiento otorgado en cualquier momento, sin que ello afecte a la licitud del tratamiento basado en el consentimiento previo a su retirada.<\/p><p data-start=\"5167\" data-end=\"5264\">Puede ejercer estos derechos enviando comunicaci\u00f3n, motivada y acreditada, a\u00a0<a class=\"cursor-pointer\" rel=\"noopener\" data-start=\"5244\" data-end=\"5264\">info@dataomics.tech<\/a><\/p><p data-start=\"5266\" data-end=\"5438\">Tambi\u00e9n tiene derecho a presentar una reclamaci\u00f3n ante la Autoridad de control competente (<a class=\"\" href=\"http:\/\/www.aepd.es\/\" target=\"_new\" rel=\"noopener\" data-start=\"5357\" data-end=\"5368\">www.aepd.es<\/a>) si considera que el tratamiento no se ajusta a la normativa vigente.<\/p><ol start=\"8\" data-start=\"5440\" data-end=\"5460\"><li data-start=\"5440\" data-end=\"5460\"><h3 data-start=\"5443\" data-end=\"5460\">INFORMACI\u00d3N LEGAL<\/h3><\/li><\/ol><p data-start=\"5462\" data-end=\"5651\">Los requisitos de esta Pol\u00edtica complementan, y no reemplazan, cualquier otro requisito existente bajo la ley de protecci\u00f3n de datos aplicable, que ser\u00e1 la que prevalezca en cualquier caso.<\/p><p data-start=\"5653\" data-end=\"5916\">Esta Pol\u00edtica est\u00e1 sujeta a revisiones peri\u00f3dicas y la empresa puede modificarla en cualquier momento. Cuando esto ocurra, le avisaremos de cualquier cambio y le pediremos que vuelva a leer la versi\u00f3n m\u00e1s reciente de nuestra Pol\u00edtica y que confirme su aceptaci\u00f3n.<\/p><h3 data-start=\"5918\" data-end=\"5947\">Pol\u00edtica de cookies Contenido<\/h3><p data-start=\"5949\" data-end=\"6435\">Esta web utiliza cookies propias y de terceros para ofrecerle una mejor experiencia y servicio. Al navegar o utilizar nuestros servicios acepta el uso que hacemos de las cookies. Sin embargo, tiene la opci\u00f3n de impedir la generaci\u00f3n de cookies y la eliminaci\u00f3n de las mismas mediante la selecci\u00f3n de la correspondiente opci\u00f3n en su Navegador. En caso de bloquear el uso de cookies en su navegador es posible que algunos servicios o funcionalidades de la p\u00e1gina Web no est\u00e9n disponibles.<\/p><p data-start=\"6437\" data-end=\"6456\">\u00bfQu\u00e9 es una cookie?<\/p><p data-start=\"6458\" data-end=\"6858\">Las cookies constituyen una herramienta empleada por los servidores Web para almacenar y recuperar informaci\u00f3n acerca de sus visitantes. Es un identificador \u00fanico en forma de fichero de texto que se remite al dispositivo del usuario para registrar informaci\u00f3n, permitiendo as\u00ed mejorar la calidad y seguridad de la p\u00e1gina web. Poseen una fecha de caducidad a partir de la cual dejan de ser operativas.<\/p><p data-start=\"6860\" data-end=\"6905\">Utilidad de las cookies en nuestra p\u00e1gina web<\/p><p data-start=\"6907\" data-end=\"7607\">Utilizamos cookies para facilitar la navegaci\u00f3n por la web y para obtener una mayor eficacia y personalizaci\u00f3n de los servicios que le ofrecemos. Las cookies empleadas se asocian \u00fanicamente con un Usuario an\u00f3nimo y su dispositivo, no proporcionan referencias que permitan obtener sus datos personales ni incluir virus en el mismo. Tampoco se pueden leer las cookies implantadas en su dispositivo desde otros servidores. La informaci\u00f3n que analizamos haciendo uso de las cookies son la direcci\u00f3n de protocolo de internet (IP) empleada para conectar tu ordenador a internet, tipo y versi\u00f3n de navegador, sistema operativo y plataforma utilizada para la conexi\u00f3n y la fecha y la hora de dicha actividad.<\/p><p data-start=\"7609\" data-end=\"7626\">Cookies empleadas<\/p><p data-start=\"7628\" data-end=\"7925\">Utilizamos cookies permanentes que se almacenan en el dispositivo del usuario y que permiten recuperar la informaci\u00f3n de la navegaci\u00f3n en la siguiente visita. Tienen fecha de caducidad. Estas cookies nos permiten personalizar sus visitas, a trav\u00e9s de sus preferencias (por ejemplo, pa\u00eds e idioma).<\/p><p data-start=\"7927\" data-end=\"8089\">Tambi\u00e9n utilizamos cookies de terceros que permiten gestionar y mejorar los servicios ofrecidos. Como por ejemplo, los servicios estad\u00edsticos de Google Analytics.<\/p>\t\t\t\t\t\t\t\t<\/div>\n\t\t\t\t\t<\/div>\n\t\t\t\t<\/div>\n\t\t\t\t<\/div>","protected":false},"excerpt":{"rendered":"<p>Pol\u00edtica de privacidad INFORMACI\u00d3N AL USUARIO Dataomics, como Responsable del Tratamiento, le informa que, seg\u00fan lo dispuesto en el Reglamento (UE) 2016\/679, de 27 de abril (RGPD) y en la L.O. 3\/2018, de 5 de diciembre, de protecci\u00f3n de datos y garant\u00eda de los derechos digitales (LOPDGDD), trataremos sus datos tal y como reflejamos en [&hellip;]<\/p>\n","protected":false},"author":5,"featured_media":0,"parent":0,"menu_order":0,"comment_status":"closed","ping_status":"closed","template":"","meta":{"footnotes":""},"class_list":["post-1176","page","type-page","status-publish","hentry"],"yoast_head":"<!-- This site is optimized with the Yoast SEO plugin v27.4 - https:\/\/yoast.com\/product\/yoast-seo-wordpress\/ -->\n<title>Politica de Privacidad y Cookies | Dataomics.tech | 2026<\/title>\n<meta name=\"description\" content=\"Pol\u00edtica de privacidad INFORMACI\u00d3N AL USUARIO Dataomics, como Responsable del Tratamiento, le informa que, seg\u00fan lo dispuesto en el Reglamento (UE)\" \/>\n<meta name=\"robots\" content=\"index, follow, max-snippet:-1, max-image-preview:large, max-video-preview:-1\" \/>\n<link rel=\"canonical\" href=\"https:\/\/dataomics.tech\/en\/politica-de-privacidad-y-cookies\/\" \/>\n<meta property=\"og:locale\" content=\"en_US\" \/>\n<meta property=\"og:type\" content=\"article\" \/>\n<meta property=\"og:title\" content=\"Politica de Privacidad y Cookies | Dataomics.tech | 2026\" \/>\n<meta property=\"og:description\" content=\"Pol\u00edtica de privacidad INFORMACI\u00d3N AL USUARIO Dataomics, como Responsable del Tratamiento, le informa que, seg\u00fan lo dispuesto en el Reglamento (UE)\" \/>\n<meta property=\"og:url\" content=\"https:\/\/dataomics.tech\/en\/politica-de-privacidad-y-cookies\/\" \/>\n<meta property=\"og:site_name\" content=\"DataOmics\" \/>\n<meta property=\"article:modified_time\" content=\"2025-11-12T14:37:08+00:00\" \/>\n<meta name=\"twitter:card\" content=\"summary_large_image\" \/>\n<meta name=\"twitter:label1\" content=\"Est. reading time\" \/>\n\t<meta name=\"twitter:data1\" content=\"5 minutes\" \/>\n<script type=\"application\/ld+json\" class=\"yoast-schema-graph\">{\"@context\":\"https:\\\/\\\/schema.org\",\"@graph\":[{\"@type\":\"WebPage\",\"@id\":\"https:\\\/\\\/dataomics.tech\\\/politica-de-privacidad-y-cookies\\\/\",\"url\":\"https:\\\/\\\/dataomics.tech\\\/politica-de-privacidad-y-cookies\\\/\",\"name\":\"Politica de Privacidad y Cookies | Dataomics.tech | 2026\",\"isPartOf\":{\"@id\":\"https:\\\/\\\/dataomics.tech\\\/#website\"},\"datePublished\":\"2025-10-15T07:52:27+00:00\",\"dateModified\":\"2025-11-12T14:37:08+00:00\",\"description\":\"Pol\u00edtica de privacidad INFORMACI\u00d3N AL USUARIO Dataomics, como Responsable del Tratamiento, le informa que, seg\u00fan lo dispuesto en el Reglamento (UE)\",\"breadcrumb\":{\"@id\":\"https:\\\/\\\/dataomics.tech\\\/politica-de-privacidad-y-cookies\\\/#breadcrumb\"},\"inLanguage\":\"en-US\",\"potentialAction\":[{\"@type\":\"ReadAction\",\"target\":[\"https:\\\/\\\/dataomics.tech\\\/politica-de-privacidad-y-cookies\\\/\"]}]},{\"@type\":\"BreadcrumbList\",\"@id\":\"https:\\\/\\\/dataomics.tech\\\/politica-de-privacidad-y-cookies\\\/#breadcrumb\",\"itemListElement\":[{\"@type\":\"ListItem\",\"position\":1,\"name\":\"Portada\",\"item\":\"https:\\\/\\\/dataomics.tech\\\/\"},{\"@type\":\"ListItem\",\"position\":2,\"name\":\"Politica de Privacidad y Cookies\"}]},{\"@type\":\"WebSite\",\"@id\":\"https:\\\/\\\/dataomics.tech\\\/#website\",\"url\":\"https:\\\/\\\/dataomics.tech\\\/\",\"name\":\"DataOmics\",\"description\":\"\",\"publisher\":{\"@id\":\"https:\\\/\\\/dataomics.tech\\\/#organization\"},\"potentialAction\":[{\"@type\":\"SearchAction\",\"target\":{\"@type\":\"EntryPoint\",\"urlTemplate\":\"https:\\\/\\\/dataomics.tech\\\/?s={search_term_string}\"},\"query-input\":{\"@type\":\"PropertyValueSpecification\",\"valueRequired\":true,\"valueName\":\"search_term_string\"}}],\"inLanguage\":\"en-US\"},{\"@type\":\"Organization\",\"@id\":\"https:\\\/\\\/dataomics.tech\\\/#organization\",\"name\":\"DataOmics\",\"url\":\"https:\\\/\\\/dataomics.tech\\\/\",\"logo\":{\"@type\":\"ImageObject\",\"inLanguage\":\"en-US\",\"@id\":\"https:\\\/\\\/dataomics.tech\\\/#\\\/schema\\\/logo\\\/image\\\/\",\"url\":\"https:\\\/\\\/dataomics.tech\\\/wp-content\\\/uploads\\\/2020\\\/09\\\/do-dataomicsv.png\",\"contentUrl\":\"https:\\\/\\\/dataomics.tech\\\/wp-content\\\/uploads\\\/2020\\\/09\\\/do-dataomicsv.png\",\"width\":1800,\"height\":1200,\"caption\":\"DataOmics\"},\"image\":{\"@id\":\"https:\\\/\\\/dataomics.tech\\\/#\\\/schema\\\/logo\\\/image\\\/\"}}]}<\/script>\n<!-- \/ Yoast SEO plugin. -->","yoast_head_json":{"title":"Politica de Privacidad y Cookies | Dataomics.tech | 2026","description":"Pol\u00edtica de privacidad INFORMACI\u00d3N AL USUARIO Dataomics, como Responsable del Tratamiento, le informa que, seg\u00fan lo dispuesto en el Reglamento (UE)","robots":{"index":"index","follow":"follow","max-snippet":"max-snippet:-1","max-image-preview":"max-image-preview:large","max-video-preview":"max-video-preview:-1"},"canonical":"https:\/\/dataomics.tech\/en\/politica-de-privacidad-y-cookies\/","og_locale":"en_US","og_type":"article","og_title":"Politica de Privacidad y Cookies | Dataomics.tech | 2026","og_description":"Pol\u00edtica de privacidad INFORMACI\u00d3N AL USUARIO Dataomics, como Responsable del Tratamiento, le informa que, seg\u00fan lo dispuesto en el Reglamento (UE)","og_url":"https:\/\/dataomics.tech\/en\/politica-de-privacidad-y-cookies\/","og_site_name":"DataOmics","article_modified_time":"2025-11-12T14:37:08+00:00","twitter_card":"summary_large_image","twitter_misc":{"Est. reading time":"5 minutes"},"schema":{"@context":"https:\/\/schema.org","@graph":[{"@type":"WebPage","@id":"https:\/\/dataomics.tech\/politica-de-privacidad-y-cookies\/","url":"https:\/\/dataomics.tech\/politica-de-privacidad-y-cookies\/","name":"Politica de Privacidad y Cookies | Dataomics.tech | 2026","isPartOf":{"@id":"https:\/\/dataomics.tech\/#website"},"datePublished":"2025-10-15T07:52:27+00:00","dateModified":"2025-11-12T14:37:08+00:00","description":"Pol\u00edtica de privacidad INFORMACI\u00d3N AL USUARIO Dataomics, como Responsable del Tratamiento, le informa que, seg\u00fan lo dispuesto en el Reglamento (UE)","breadcrumb":{"@id":"https:\/\/dataomics.tech\/politica-de-privacidad-y-cookies\/#breadcrumb"},"inLanguage":"en-US","potentialAction":[{"@type":"ReadAction","target":["https:\/\/dataomics.tech\/politica-de-privacidad-y-cookies\/"]}]},{"@type":"BreadcrumbList","@id":"https:\/\/dataomics.tech\/politica-de-privacidad-y-cookies\/#breadcrumb","itemListElement":[{"@type":"ListItem","position":1,"name":"Portada","item":"https:\/\/dataomics.tech\/"},{"@type":"ListItem","position":2,"name":"Politica de Privacidad y Cookies"}]},{"@type":"WebSite","@id":"https:\/\/dataomics.tech\/#website","url":"https:\/\/dataomics.tech\/","name":"DataOmics","description":"","publisher":{"@id":"https:\/\/dataomics.tech\/#organization"},"potentialAction":[{"@type":"SearchAction","target":{"@type":"EntryPoint","urlTemplate":"https:\/\/dataomics.tech\/?s={search_term_string}"},"query-input":{"@type":"PropertyValueSpecification","valueRequired":true,"valueName":"search_term_string"}}],"inLanguage":"en-US"},{"@type":"Organization","@id":"https:\/\/dataomics.tech\/#organization","name":"DataOmics","url":"https:\/\/dataomics.tech\/","logo":{"@type":"ImageObject","inLanguage":"en-US","@id":"https:\/\/dataomics.tech\/#\/schema\/logo\/image\/","url":"https:\/\/dataomics.tech\/wp-content\/uploads\/2020\/09\/do-dataomicsv.png","contentUrl":"https:\/\/dataomics.tech\/wp-content\/uploads\/2020\/09\/do-dataomicsv.png","width":1800,"height":1200,"caption":"DataOmics"},"image":{"@id":"https:\/\/dataomics.tech\/#\/schema\/logo\/image\/"}}]}},"_links":{"self":[{"href":"https:\/\/dataomics.tech\/en\/wp-json\/wp\/v2\/pages\/1176","targetHints":{"allow":["GET"]}}],"collection":[{"href":"https:\/\/dataomics.tech\/en\/wp-json\/wp\/v2\/pages"}],"about":[{"href":"https:\/\/dataomics.tech\/en\/wp-json\/wp\/v2\/types\/page"}],"author":[{"embeddable":true,"href":"https:\/\/dataomics.tech\/en\/wp-json\/wp\/v2\/users\/5"}],"replies":[{"embeddable":true,"href":"https:\/\/dataomics.tech\/en\/wp-json\/wp\/v2\/comments?post=1176"}],"version-history":[{"count":6,"href":"https:\/\/dataomics.tech\/en\/wp-json\/wp\/v2\/pages\/1176\/revisions"}],"predecessor-version":[{"id":1652,"href":"https:\/\/dataomics.tech\/en\/wp-json\/wp\/v2\/pages\/1176\/revisions\/1652"}],"wp:attachment":[{"href":"https:\/\/dataomics.tech\/en\/wp-json\/wp\/v2\/media?parent=1176"}],"curies":[{"name":"wp","href":"https:\/\/api.w.org\/{rel}","templated":true}]}}