{"id":1156,"date":"2025-10-15T07:30:51","date_gmt":"2025-10-15T07:30:51","guid":{"rendered":"https:\/\/dataomics.tech\/?page_id=1156"},"modified":"2025-10-28T14:04:23","modified_gmt":"2025-10-28T14:04:23","slug":"colaboradores","status":"publish","type":"page","link":"https:\/\/dataomics.tech\/en\/colaboradores\/","title":{"rendered":"Collaborators"},"content":{"rendered":"<div data-elementor-type=\"wp-page\" data-elementor-id=\"1156\" class=\"elementor elementor-1156\" data-elementor-post-type=\"page\">\n\t\t\t\t<div class=\"elementor-element elementor-element-75ab4e9 e-flex e-con-boxed e-con e-parent\" data-id=\"75ab4e9\" data-element_type=\"container\" data-e-type=\"container\" data-settings=\"{&quot;background_background&quot;:&quot;classic&quot;}\">\n\t\t\t\t\t<div class=\"e-con-inner\">\n\t\t<div class=\"elementor-element elementor-element-1619d8e e-con-full e-flex e-con e-child\" data-id=\"1619d8e\" data-element_type=\"container\" data-e-type=\"container\" data-settings=\"{&quot;background_background&quot;:&quot;classic&quot;}\">\n\t\t\t\t<div class=\"elementor-element elementor-element-8f833bd elementor-widget elementor-widget-heading\" data-id=\"8f833bd\" data-element_type=\"widget\" data-e-type=\"widget\" data-widget_type=\"heading.default\">\n\t\t\t\t\t<h1 class=\"elementor-heading-title elementor-size-default\">COLABORADORES<\/h1>\t\t\t\t<\/div>\n\t\t\t\t<div class=\"elementor-element elementor-element-37ad375 elementor-widget__width-initial elementor-widget-tablet__width-initial elementor-widget elementor-widget-heading\" data-id=\"37ad375\" data-element_type=\"widget\" data-e-type=\"widget\" data-widget_type=\"heading.default\">\n\t\t\t\t\t<h2 class=\"elementor-heading-title elementor-size-default\">Una red de expertos y plataformas de confianza a tu servicio.<\/h2>\t\t\t\t<\/div>\n\t\t\t\t<\/div>\n\t\t\t\t\t<\/div>\n\t\t\t\t<\/div>\n\t\t<div class=\"elementor-element elementor-element-e35e174 e-flex e-con-boxed e-con e-parent\" data-id=\"e35e174\" data-element_type=\"container\" data-e-type=\"container\">\n\t\t\t\t\t<div class=\"e-con-inner\">\n\t\t<div class=\"elementor-element elementor-element-ba8db68 e-con-full e-flex e-con e-child\" data-id=\"ba8db68\" data-element_type=\"container\" data-e-type=\"container\" data-settings=\"{&quot;background_background&quot;:&quot;classic&quot;}\">\n\t\t\t\t<div class=\"elementor-element elementor-element-0eb606a elementor-widget elementor-widget-spacer\" data-id=\"0eb606a\" data-element_type=\"widget\" data-e-type=\"widget\" data-widget_type=\"spacer.default\">\n\t\t\t\t\t\t\t<div class=\"elementor-spacer\">\n\t\t\t<div class=\"elementor-spacer-inner\"><\/div>\n\t\t<\/div>\n\t\t\t\t\t\t<\/div>\n\t\t\t\t<\/div>\n\t\t<div class=\"elementor-element elementor-element-12cf4f4 e-con-full e-flex e-con e-child\" data-id=\"12cf4f4\" data-element_type=\"container\" data-e-type=\"container\" data-settings=\"{&quot;background_background&quot;:&quot;classic&quot;}\">\n\t\t\t\t<div class=\"elementor-element elementor-element-0c5a762 elementor-widget__width-initial elementor-widget-tablet__width-initial elementor-widget elementor-widget-heading\" data-id=\"0c5a762\" data-element_type=\"widget\" data-e-type=\"widget\" data-widget_type=\"heading.default\">\n\t\t\t\t\t<h2 class=\"elementor-heading-title elementor-size-default\">Conexiones que Impulsan la Ciencia<\/h2>\t\t\t\t<\/div>\n\t\t\t\t<div class=\"elementor-element elementor-element-ad87a56 elementor-widget elementor-widget-text-editor\" data-id=\"ad87a56\" data-element_type=\"widget\" data-e-type=\"widget\" data-widget_type=\"text-editor.default\">\n\t\t\t\t\t\t\t\t\t<p>En DataOmics trabajamos con una red internacional de colaboradores y proveedores seleccionados por su fiabilidad, calidad y experiencia en proyectos de salud y nutrici\u00f3n animal.<\/p><p>Estas alianzas nos permiten ofrecer soluciones multi-omics de alto nivel, combinando an\u00e1lisis bioinform\u00e1ticos, estad\u00edstica experimental y visualizaci\u00f3n intuitiva de resultados, con acceso a tecnolog\u00edas avanzadas y metodolog\u00edas validadas.<\/p>\t\t\t\t\t\t\t\t<\/div>\n\t\t\t\t<\/div>\n\t\t\t\t\t<\/div>\n\t\t\t\t<\/div>\n\t\t<div class=\"elementor-element elementor-element-298d0f3 e-flex e-con-boxed e-con e-parent\" data-id=\"298d0f3\" data-element_type=\"container\" data-e-type=\"container\">\n\t\t\t\t\t<div class=\"e-con-inner\">\n\t\t\t\t<div class=\"elementor-element elementor-element-44681b7 elementor-widget-tablet__width-initial elementor-widget elementor-widget-heading\" data-id=\"44681b7\" data-element_type=\"widget\" data-e-type=\"widget\" data-widget_type=\"heading.default\">\n\t\t\t\t\t<h2 class=\"elementor-heading-title elementor-size-default\">Nuestros principales colaboradores y proveedores<\/h2>\t\t\t\t<\/div>\n\t\t\t\t<div class=\"elementor-element elementor-element-ff87374 elementor-widget elementor-widget-spacer\" data-id=\"ff87374\" data-element_type=\"widget\" data-e-type=\"widget\" data-widget_type=\"spacer.default\">\n\t\t\t\t\t\t\t<div class=\"elementor-spacer\">\n\t\t\t<div class=\"elementor-spacer-inner\"><\/div>\n\t\t<\/div>\n\t\t\t\t\t\t<\/div>\n\t\t<div class=\"elementor-element elementor-element-2aab487 e-con-full e-flex e-con e-child\" data-id=\"2aab487\" data-element_type=\"container\" data-e-type=\"container\" data-settings=\"{&quot;background_background&quot;:&quot;classic&quot;}\">\n\t\t\t\t<div class=\"elementor-element elementor-element-cf259d4 gallery-spacing-custom elementor-widget elementor-widget-image-gallery\" data-id=\"cf259d4\" data-element_type=\"widget\" data-e-type=\"widget\" data-widget_type=\"image-gallery.default\">\n\t\t\t\t\t\t\t<div class=\"elementor-image-gallery\">\n\t\t\t<div id='gallery-1' class='gallery galleryid-1156 gallery-columns-3 gallery-size-full'><figure class='gallery-item'>\n\t\t\t<div class='gallery-icon landscape'>\n\t\t\t\t<img decoding=\"async\" width=\"250\" height=\"100\" src=\"https:\/\/dataomics.tech\/wp-content\/uploads\/2025\/10\/Vetgenomics.svg\" class=\"attachment-full size-full\" alt=\"\" \/>\n\t\t\t<\/div><\/figure><figure class='gallery-item'>\n\t\t\t<div class='gallery-icon landscape'>\n\t\t\t\t<img decoding=\"async\" width=\"250\" height=\"100\" src=\"https:\/\/dataomics.tech\/wp-content\/uploads\/2025\/10\/UAM.svg\" class=\"attachment-full size-full\" alt=\"\" \/>\n\t\t\t<\/div><\/figure><figure class='gallery-item'>\n\t\t\t<div class='gallery-icon landscape'>\n\t\t\t\t<img decoding=\"async\" width=\"250\" height=\"100\" src=\"https:\/\/dataomics.tech\/wp-content\/uploads\/2025\/10\/Tebubio.svg\" class=\"attachment-full size-full\" alt=\"\" \/>\n\t\t\t<\/div><\/figure><figure class='gallery-item'>\n\t\t\t<div class='gallery-icon landscape'>\n\t\t\t\t<img loading=\"lazy\" decoding=\"async\" width=\"250\" height=\"100\" src=\"https:\/\/dataomics.tech\/wp-content\/uploads\/2025\/10\/Sequientia.svg\" class=\"attachment-full size-full\" alt=\"\" \/>\n\t\t\t<\/div><\/figure><figure class='gallery-item'>\n\t\t\t<div class='gallery-icon landscape'>\n\t\t\t\t<img loading=\"lazy\" decoding=\"async\" width=\"250\" height=\"100\" src=\"https:\/\/dataomics.tech\/wp-content\/uploads\/2025\/10\/oloBion.svg\" class=\"attachment-full size-full\" alt=\"\" \/>\n\t\t\t<\/div><\/figure><figure class='gallery-item'>\n\t\t\t<div class='gallery-icon landscape'>\n\t\t\t\t<img loading=\"lazy\" decoding=\"async\" width=\"250\" height=\"100\" src=\"https:\/\/dataomics.tech\/wp-content\/uploads\/2025\/10\/Olink.svg\" class=\"attachment-full size-full\" alt=\"\" \/>\n\t\t\t<\/div><\/figure><figure class='gallery-item'>\n\t\t\t<div class='gallery-icon landscape'>\n\t\t\t\t<img loading=\"lazy\" decoding=\"async\" width=\"250\" height=\"100\" src=\"https:\/\/dataomics.tech\/wp-content\/uploads\/2025\/10\/Metabolon.svg\" class=\"attachment-full size-full\" alt=\"\" \/>\n\t\t\t<\/div><\/figure><figure class='gallery-item'>\n\t\t\t<div class='gallery-icon landscape'>\n\t\t\t\t<img loading=\"lazy\" decoding=\"async\" width=\"250\" height=\"100\" src=\"https:\/\/dataomics.tech\/wp-content\/uploads\/2025\/10\/Macrogen.svg\" class=\"attachment-full size-full\" alt=\"\" \/>\n\t\t\t<\/div><\/figure><figure class='gallery-item'>\n\t\t\t<div class='gallery-icon landscape'>\n\t\t\t\t<img loading=\"lazy\" decoding=\"async\" width=\"250\" height=\"100\" src=\"https:\/\/dataomics.tech\/wp-content\/uploads\/2025\/10\/Gencovery.svg\" class=\"attachment-full size-full\" alt=\"\" \/>\n\t\t\t<\/div><\/figure><figure class='gallery-item'>\n\t\t\t<div class='gallery-icon landscape'>\n\t\t\t\t<img loading=\"lazy\" decoding=\"async\" width=\"250\" height=\"100\" src=\"https:\/\/dataomics.tech\/wp-content\/uploads\/2025\/10\/BiosferTeslab.svg\" class=\"attachment-full size-full\" alt=\"\" \/>\n\t\t\t<\/div><\/figure><figure class='gallery-item'>\n\t\t\t<div class='gallery-icon landscape'>\n\t\t\t\t<img loading=\"lazy\" decoding=\"async\" width=\"250\" height=\"100\" src=\"https:\/\/dataomics.tech\/wp-content\/uploads\/2025\/10\/Frame-151.svg\" class=\"attachment-full size-full\" alt=\"\" \/>\n\t\t\t<\/div><\/figure><figure class='gallery-item'>\n\t\t\t<div class='gallery-icon landscape'>\n\t\t\t\t<img loading=\"lazy\" decoding=\"async\" width=\"250\" height=\"100\" src=\"https:\/\/dataomics.tech\/wp-content\/uploads\/2025\/10\/BMKGENE.svg\" class=\"attachment-full size-full\" alt=\"\" \/>\n\t\t\t<\/div><\/figure><figure class='gallery-item'>\n\t\t\t<div class='gallery-icon landscape'>\n\t\t\t\t<img loading=\"lazy\" decoding=\"async\" width=\"250\" height=\"100\" src=\"https:\/\/dataomics.tech\/wp-content\/uploads\/2025\/10\/Eurofins.svg\" class=\"attachment-full size-full\" alt=\"\" \/>\n\t\t\t<\/div><\/figure><figure class='gallery-item'>\n\t\t\t<div class='gallery-icon landscape'>\n\t\t\t\t<img loading=\"lazy\" decoding=\"async\" width=\"250\" height=\"100\" src=\"https:\/\/dataomics.tech\/wp-content\/uploads\/2025\/10\/Fisabio.svg\" class=\"attachment-full size-full\" alt=\"\" \/>\n\t\t\t<\/div><\/figure><figure class='gallery-item'>\n\t\t\t<div class='gallery-icon landscape'>\n\t\t\t\t<img loading=\"lazy\" decoding=\"async\" width=\"250\" height=\"100\" src=\"https:\/\/dataomics.tech\/wp-content\/uploads\/2025\/10\/Frame-150.svg\" class=\"attachment-full size-full\" alt=\"\" \/>\n\t\t\t<\/div><\/figure>\n\t\t<\/div>\n\t\t<\/div>\n\t\t\t\t\t\t<\/div>\n\t\t\t\t<\/div>\n\t\t\t\t\t<\/div>\n\t\t\t\t<\/div>\n\t\t<div class=\"elementor-element elementor-element-8606abc e-flex e-con-boxed e-con e-parent\" data-id=\"8606abc\" data-element_type=\"container\" data-e-type=\"container\" data-settings=\"{&quot;background_background&quot;:&quot;classic&quot;}\">\n\t\t\t\t\t<div class=\"e-con-inner\">\n\t\t<div class=\"elementor-element elementor-element-4c6a97b e-con-full e-flex e-con e-child\" data-id=\"4c6a97b\" data-element_type=\"container\" data-e-type=\"container\" data-settings=\"{&quot;background_background&quot;:&quot;classic&quot;}\">\n\t\t\t\t<div class=\"elementor-element elementor-element-ee1cca4 elementor-widget__width-initial elementor-widget-tablet__width-initial elementor-widget-mobile__width-initial elementor-widget elementor-widget-heading\" data-id=\"ee1cca4\" data-element_type=\"widget\" data-e-type=\"widget\" data-widget_type=\"heading.default\">\n\t\t\t\t\t<h2 class=\"elementor-heading-title elementor-size-default\">\u00bfQuieres saber qu\u00e9 plataforma y equipo se adapta mejor a tu proyecto?<\/h2>\t\t\t\t<\/div>\n\t\t\t\t<div class=\"elementor-element elementor-element-ef67109 elementor-widget__width-initial elementor-widget-tablet__width-initial elementor-widget-mobile__width-initial elementor-widget elementor-widget-text-editor\" data-id=\"ef67109\" data-element_type=\"widget\" data-e-type=\"widget\" data-widget_type=\"text-editor.default\">\n\t\t\t\t\t\t\t\t\t<p>Cu\u00e9ntanos tus objetivos y te propondremos un enfoque experimental a medida.<\/p>\t\t\t\t\t\t\t\t<\/div>\n\t\t\t\t<div class=\"elementor-element elementor-element-0052220 elementor-widget elementor-widget-button\" data-id=\"0052220\" data-element_type=\"widget\" data-e-type=\"widget\" data-widget_type=\"button.default\">\n\t\t\t\t\t\t\t\t\t\t<a class=\"elementor-button elementor-button-link elementor-size-sm elementor-animation-shrink\" href=\"\/en\/contacto\/\">\n\t\t\t\t\t\t<span class=\"elementor-button-content-wrapper\">\n\t\t\t\t\t\t\t\t\t<span class=\"elementor-button-text\">Request a quote<\/span>\n\t\t\t\t\t<\/span>\n\t\t\t\t\t<\/a>\n\t\t\t\t\t\t\t\t<\/div>\n\t\t\t\t<\/div>\n\t\t\t\t\t<\/div>\n\t\t\t\t<\/div>\n\t\t\t\t<\/div>","protected":false},"excerpt":{"rendered":"<p>COLABORADORES Una red de expertos y plataformas de confianza a tu servicio. Conexiones que Impulsan la Ciencia En DataOmics trabajamos con una red internacional de colaboradores y proveedores seleccionados por su fiabilidad, calidad y experiencia en proyectos de salud y nutrici\u00f3n animal. Estas alianzas nos permiten ofrecer soluciones multi-omics de alto nivel, combinando an\u00e1lisis bioinform\u00e1ticos, [&hellip;]<\/p>\n","protected":false},"author":5,"featured_media":0,"parent":0,"menu_order":0,"comment_status":"closed","ping_status":"closed","template":"","meta":{"footnotes":""},"class_list":["post-1156","page","type-page","status-publish","hentry"],"yoast_head":"<!-- This site is optimized with the Yoast SEO plugin v27.4 - https:\/\/yoast.com\/product\/yoast-seo-wordpress\/ -->\n<title>Colaboradores | Dataomics.tech | 2026<\/title>\n<meta name=\"description\" content=\"COLABORADORES Una red de expertos y plataformas de confianza a tu servicio. Conexiones que Impulsan la Ciencia En DataOmics trabajamos con una red\" \/>\n<meta name=\"robots\" content=\"index, follow, max-snippet:-1, max-image-preview:large, max-video-preview:-1\" \/>\n<link rel=\"canonical\" href=\"https:\/\/dataomics.tech\/en\/colaboradores\/\" \/>\n<meta property=\"og:locale\" content=\"en_US\" \/>\n<meta property=\"og:type\" content=\"article\" \/>\n<meta property=\"og:title\" content=\"Colaboradores | Dataomics.tech | 2026\" \/>\n<meta property=\"og:description\" content=\"COLABORADORES Una red de expertos y plataformas de confianza a tu servicio. Conexiones que Impulsan la Ciencia En DataOmics trabajamos con una red\" \/>\n<meta property=\"og:url\" content=\"https:\/\/dataomics.tech\/en\/colaboradores\/\" \/>\n<meta property=\"og:site_name\" content=\"DataOmics\" \/>\n<meta property=\"article:modified_time\" content=\"2025-10-28T14:04:23+00:00\" \/>\n<meta property=\"og:image\" content=\"https:\/\/dataomics.tech\/wp-content\/uploads\/2025\/10\/Vetgenomics.svg\" \/>\n<meta name=\"twitter:card\" content=\"summary_large_image\" \/>\n<meta name=\"twitter:label1\" content=\"Est. reading time\" \/>\n\t<meta name=\"twitter:data1\" content=\"4 minutes\" \/>\n<script type=\"application\/ld+json\" class=\"yoast-schema-graph\">{\"@context\":\"https:\\\/\\\/schema.org\",\"@graph\":[{\"@type\":\"WebPage\",\"@id\":\"https:\\\/\\\/dataomics.tech\\\/colaboradores\\\/\",\"url\":\"https:\\\/\\\/dataomics.tech\\\/colaboradores\\\/\",\"name\":\"Colaboradores | Dataomics.tech | 2026\",\"isPartOf\":{\"@id\":\"https:\\\/\\\/dataomics.tech\\\/#website\"},\"primaryImageOfPage\":{\"@id\":\"https:\\\/\\\/dataomics.tech\\\/colaboradores\\\/#primaryimage\"},\"image\":{\"@id\":\"https:\\\/\\\/dataomics.tech\\\/colaboradores\\\/#primaryimage\"},\"thumbnailUrl\":\"https:\\\/\\\/dataomics.tech\\\/wp-content\\\/uploads\\\/2025\\\/10\\\/Vetgenomics.svg\",\"datePublished\":\"2025-10-15T07:30:51+00:00\",\"dateModified\":\"2025-10-28T14:04:23+00:00\",\"description\":\"COLABORADORES Una red de expertos y plataformas de confianza a tu servicio. Conexiones que Impulsan la Ciencia En DataOmics trabajamos con una red\",\"breadcrumb\":{\"@id\":\"https:\\\/\\\/dataomics.tech\\\/colaboradores\\\/#breadcrumb\"},\"inLanguage\":\"en-US\",\"potentialAction\":[{\"@type\":\"ReadAction\",\"target\":[\"https:\\\/\\\/dataomics.tech\\\/colaboradores\\\/\"]}]},{\"@type\":\"ImageObject\",\"inLanguage\":\"en-US\",\"@id\":\"https:\\\/\\\/dataomics.tech\\\/colaboradores\\\/#primaryimage\",\"url\":\"https:\\\/\\\/dataomics.tech\\\/wp-content\\\/uploads\\\/2025\\\/10\\\/Vetgenomics.svg\",\"contentUrl\":\"https:\\\/\\\/dataomics.tech\\\/wp-content\\\/uploads\\\/2025\\\/10\\\/Vetgenomics.svg\"},{\"@type\":\"BreadcrumbList\",\"@id\":\"https:\\\/\\\/dataomics.tech\\\/colaboradores\\\/#breadcrumb\",\"itemListElement\":[{\"@type\":\"ListItem\",\"position\":1,\"name\":\"Portada\",\"item\":\"https:\\\/\\\/dataomics.tech\\\/\"},{\"@type\":\"ListItem\",\"position\":2,\"name\":\"Colaboradores\"}]},{\"@type\":\"WebSite\",\"@id\":\"https:\\\/\\\/dataomics.tech\\\/#website\",\"url\":\"https:\\\/\\\/dataomics.tech\\\/\",\"name\":\"DataOmics\",\"description\":\"\",\"publisher\":{\"@id\":\"https:\\\/\\\/dataomics.tech\\\/#organization\"},\"potentialAction\":[{\"@type\":\"SearchAction\",\"target\":{\"@type\":\"EntryPoint\",\"urlTemplate\":\"https:\\\/\\\/dataomics.tech\\\/?s={search_term_string}\"},\"query-input\":{\"@type\":\"PropertyValueSpecification\",\"valueRequired\":true,\"valueName\":\"search_term_string\"}}],\"inLanguage\":\"en-US\"},{\"@type\":\"Organization\",\"@id\":\"https:\\\/\\\/dataomics.tech\\\/#organization\",\"name\":\"DataOmics\",\"url\":\"https:\\\/\\\/dataomics.tech\\\/\",\"logo\":{\"@type\":\"ImageObject\",\"inLanguage\":\"en-US\",\"@id\":\"https:\\\/\\\/dataomics.tech\\\/#\\\/schema\\\/logo\\\/image\\\/\",\"url\":\"https:\\\/\\\/dataomics.tech\\\/wp-content\\\/uploads\\\/2020\\\/09\\\/do-dataomicsv.png\",\"contentUrl\":\"https:\\\/\\\/dataomics.tech\\\/wp-content\\\/uploads\\\/2020\\\/09\\\/do-dataomicsv.png\",\"width\":1800,\"height\":1200,\"caption\":\"DataOmics\"},\"image\":{\"@id\":\"https:\\\/\\\/dataomics.tech\\\/#\\\/schema\\\/logo\\\/image\\\/\"}}]}<\/script>\n<!-- \/ Yoast SEO plugin. -->","yoast_head_json":{"title":"Colaboradores | Dataomics.tech | 2026","description":"COLABORADORES Una red de expertos y plataformas de confianza a tu servicio. Conexiones que Impulsan la Ciencia En DataOmics trabajamos con una red","robots":{"index":"index","follow":"follow","max-snippet":"max-snippet:-1","max-image-preview":"max-image-preview:large","max-video-preview":"max-video-preview:-1"},"canonical":"https:\/\/dataomics.tech\/en\/colaboradores\/","og_locale":"en_US","og_type":"article","og_title":"Colaboradores | Dataomics.tech | 2026","og_description":"COLABORADORES Una red de expertos y plataformas de confianza a tu servicio. Conexiones que Impulsan la Ciencia En DataOmics trabajamos con una red","og_url":"https:\/\/dataomics.tech\/en\/colaboradores\/","og_site_name":"DataOmics","article_modified_time":"2025-10-28T14:04:23+00:00","og_image":[{"url":"https:\/\/dataomics.tech\/wp-content\/uploads\/2025\/10\/Vetgenomics.svg","type":"","width":"","height":""}],"twitter_card":"summary_large_image","twitter_misc":{"Est. reading time":"4 minutes"},"schema":{"@context":"https:\/\/schema.org","@graph":[{"@type":"WebPage","@id":"https:\/\/dataomics.tech\/colaboradores\/","url":"https:\/\/dataomics.tech\/colaboradores\/","name":"Colaboradores | Dataomics.tech | 2026","isPartOf":{"@id":"https:\/\/dataomics.tech\/#website"},"primaryImageOfPage":{"@id":"https:\/\/dataomics.tech\/colaboradores\/#primaryimage"},"image":{"@id":"https:\/\/dataomics.tech\/colaboradores\/#primaryimage"},"thumbnailUrl":"https:\/\/dataomics.tech\/wp-content\/uploads\/2025\/10\/Vetgenomics.svg","datePublished":"2025-10-15T07:30:51+00:00","dateModified":"2025-10-28T14:04:23+00:00","description":"COLABORADORES Una red de expertos y plataformas de confianza a tu servicio. Conexiones que Impulsan la Ciencia En DataOmics trabajamos con una red","breadcrumb":{"@id":"https:\/\/dataomics.tech\/colaboradores\/#breadcrumb"},"inLanguage":"en-US","potentialAction":[{"@type":"ReadAction","target":["https:\/\/dataomics.tech\/colaboradores\/"]}]},{"@type":"ImageObject","inLanguage":"en-US","@id":"https:\/\/dataomics.tech\/colaboradores\/#primaryimage","url":"https:\/\/dataomics.tech\/wp-content\/uploads\/2025\/10\/Vetgenomics.svg","contentUrl":"https:\/\/dataomics.tech\/wp-content\/uploads\/2025\/10\/Vetgenomics.svg"},{"@type":"BreadcrumbList","@id":"https:\/\/dataomics.tech\/colaboradores\/#breadcrumb","itemListElement":[{"@type":"ListItem","position":1,"name":"Portada","item":"https:\/\/dataomics.tech\/"},{"@type":"ListItem","position":2,"name":"Colaboradores"}]},{"@type":"WebSite","@id":"https:\/\/dataomics.tech\/#website","url":"https:\/\/dataomics.tech\/","name":"DataOmics","description":"","publisher":{"@id":"https:\/\/dataomics.tech\/#organization"},"potentialAction":[{"@type":"SearchAction","target":{"@type":"EntryPoint","urlTemplate":"https:\/\/dataomics.tech\/?s={search_term_string}"},"query-input":{"@type":"PropertyValueSpecification","valueRequired":true,"valueName":"search_term_string"}}],"inLanguage":"en-US"},{"@type":"Organization","@id":"https:\/\/dataomics.tech\/#organization","name":"DataOmics","url":"https:\/\/dataomics.tech\/","logo":{"@type":"ImageObject","inLanguage":"en-US","@id":"https:\/\/dataomics.tech\/#\/schema\/logo\/image\/","url":"https:\/\/dataomics.tech\/wp-content\/uploads\/2020\/09\/do-dataomicsv.png","contentUrl":"https:\/\/dataomics.tech\/wp-content\/uploads\/2020\/09\/do-dataomicsv.png","width":1800,"height":1200,"caption":"DataOmics"},"image":{"@id":"https:\/\/dataomics.tech\/#\/schema\/logo\/image\/"}}]}},"_links":{"self":[{"href":"https:\/\/dataomics.tech\/en\/wp-json\/wp\/v2\/pages\/1156","targetHints":{"allow":["GET"]}}],"collection":[{"href":"https:\/\/dataomics.tech\/en\/wp-json\/wp\/v2\/pages"}],"about":[{"href":"https:\/\/dataomics.tech\/en\/wp-json\/wp\/v2\/types\/page"}],"author":[{"embeddable":true,"href":"https:\/\/dataomics.tech\/en\/wp-json\/wp\/v2\/users\/5"}],"replies":[{"embeddable":true,"href":"https:\/\/dataomics.tech\/en\/wp-json\/wp\/v2\/comments?post=1156"}],"version-history":[{"count":8,"href":"https:\/\/dataomics.tech\/en\/wp-json\/wp\/v2\/pages\/1156\/revisions"}],"predecessor-version":[{"id":1661,"href":"https:\/\/dataomics.tech\/en\/wp-json\/wp\/v2\/pages\/1156\/revisions\/1661"}],"wp:attachment":[{"href":"https:\/\/dataomics.tech\/en\/wp-json\/wp\/v2\/media?parent=1156"}],"curies":[{"name":"wp","href":"https:\/\/api.w.org\/{rel}","templated":true}]}}