{"id":1150,"date":"2025-10-15T07:29:57","date_gmt":"2025-10-15T07:29:57","guid":{"rendered":"https:\/\/dataomics.tech\/?page_id=1150"},"modified":"2025-10-27T14:56:27","modified_gmt":"2025-10-27T14:56:27","slug":"servicios","status":"publish","type":"page","link":"https:\/\/dataomics.tech\/en\/servicios\/","title":{"rendered":"Services"},"content":{"rendered":"<div data-elementor-type=\"wp-page\" data-elementor-id=\"1150\" class=\"elementor elementor-1150\" data-elementor-post-type=\"page\">\n\t\t\t\t<div class=\"elementor-element elementor-element-c981253 e-flex e-con-boxed e-con e-parent\" data-id=\"c981253\" data-element_type=\"container\" data-e-type=\"container\">\n\t\t\t\t\t<div class=\"e-con-inner\">\n\t\t<div class=\"elementor-element elementor-element-2eb74c2 e-con-full e-flex e-con e-child\" data-id=\"2eb74c2\" data-element_type=\"container\" data-e-type=\"container\" data-settings=\"{&quot;background_background&quot;:&quot;classic&quot;}\">\n\t\t\t\t<div class=\"elementor-element elementor-element-26cc7b9 elementor-widget elementor-widget-heading\" data-id=\"26cc7b9\" data-element_type=\"widget\" data-e-type=\"widget\" data-widget_type=\"heading.default\">\n\t\t\t\t\t<h1 class=\"elementor-heading-title elementor-size-default\">SERVICIOS<\/h1>\t\t\t\t<\/div>\n\t\t\t\t<div class=\"elementor-element elementor-element-c1f636a elementor-widget__width-initial elementor-widget elementor-widget-heading\" data-id=\"c1f636a\" data-element_type=\"widget\" data-e-type=\"widget\" data-widget_type=\"heading.default\">\n\t\t\t\t\t<h2 class=\"elementor-heading-title elementor-size-default\">Servicios cient\u00edficos dise\u00f1ados para generar resultados medibles.<\/h2>\t\t\t\t<\/div>\n\t\t\t\t<\/div>\n\t\t\t\t\t<\/div>\n\t\t\t\t<\/div>\n\t\t<div class=\"elementor-element elementor-element-7060e56 e-flex e-con-boxed e-con e-parent\" data-id=\"7060e56\" data-element_type=\"container\" data-e-type=\"container\">\n\t\t\t\t\t<div class=\"e-con-inner\">\n\t\t\t\t<div class=\"elementor-element elementor-element-eb04a74 elementor-widget__width-initial elementor-widget-mobile__width-initial elementor-widget elementor-widget-heading\" data-id=\"eb04a74\" data-element_type=\"widget\" data-e-type=\"widget\" data-widget_type=\"heading.default\">\n\t\t\t\t\t<h2 class=\"elementor-heading-title elementor-size-default\">En DataOmics te ayudamos a pasar del planteamiento de una hip\u00f3tesis a la obtenci\u00f3n de datos claros y accionables.<\/h2>\t\t\t\t<\/div>\n\t\t\t\t<div class=\"elementor-element elementor-element-89beec1 elementor-widget__width-initial elementor-widget elementor-widget-text-editor\" data-id=\"89beec1\" data-element_type=\"widget\" data-e-type=\"widget\" data-widget_type=\"text-editor.default\">\n\t\t\t\t\t\t\t\t\t<p style=\"text-align: center;\">Nuestro enfoque combina consultor\u00eda cient\u00edfica, an\u00e1lisis bioinform\u00e1ticos y an\u00e1lisis multi-omics para que cada proyecto se ejecute con precisi\u00f3n, eficiencia y m\u00e1ximo impacto.<\/p>\t\t\t\t\t\t\t\t<\/div>\n\t\t\t\t\t<\/div>\n\t\t\t\t<\/div>\n\t\t<div class=\"elementor-element elementor-element-2015d3d e-flex e-con-boxed e-con e-parent\" data-id=\"2015d3d\" data-element_type=\"container\" data-e-type=\"container\">\n\t\t\t\t\t<div class=\"e-con-inner\">\n\t\t<div class=\"elementor-element elementor-element-a821581 e-grid e-con-full e-con e-child\" data-id=\"a821581\" data-element_type=\"container\" data-e-type=\"container\">\n\t\t<div class=\"elementor-element elementor-element-0e1e3d9 e-con-full e-flex e-con e-child\" data-id=\"0e1e3d9\" data-element_type=\"container\" data-e-type=\"container\" data-settings=\"{&quot;background_background&quot;:&quot;classic&quot;}\">\n\t\t\t\t<div class=\"elementor-element elementor-element-cf8cb34 elementor-widget elementor-widget-spacer\" data-id=\"cf8cb34\" data-element_type=\"widget\" data-e-type=\"widget\" data-widget_type=\"spacer.default\">\n\t\t\t\t\t\t\t<div class=\"elementor-spacer\">\n\t\t\t<div class=\"elementor-spacer-inner\"><\/div>\n\t\t<\/div>\n\t\t\t\t\t\t<\/div>\n\t\t\t\t<\/div>\n\t\t<div class=\"elementor-element elementor-element-73c41c9 e-con-full e-flex e-con e-child\" data-id=\"73c41c9\" data-element_type=\"container\" data-e-type=\"container\" data-settings=\"{&quot;background_background&quot;:&quot;classic&quot;}\">\n\t\t\t\t<div class=\"elementor-element elementor-element-fe57d67 elementor-widget elementor-widget-heading\" data-id=\"fe57d67\" data-element_type=\"widget\" data-e-type=\"widget\" data-widget_type=\"heading.default\">\n\t\t\t\t\t<h2 class=\"elementor-heading-title elementor-size-default\">R&amp;D Consulting<\/h2>\t\t\t\t<\/div>\n\t\t\t\t<div class=\"elementor-element elementor-element-252d5b9 elementor-widget elementor-widget-heading\" data-id=\"252d5b9\" data-element_type=\"widget\" data-e-type=\"widget\" data-widget_type=\"heading.default\">\n\t\t\t\t\t<h3 class=\"elementor-heading-title elementor-size-default\">De la idea a la evidencia.<\/h3>\t\t\t\t<\/div>\n\t\t\t\t<div class=\"elementor-element elementor-element-5979dd5 elementor-widget elementor-widget-text-editor\" data-id=\"5979dd5\" data-element_type=\"widget\" data-e-type=\"widget\" data-widget_type=\"text-editor.default\">\n\t\t\t\t\t\t\t\t\t<p>We design and manage your entire research project: from the selection of techniques and platforms, to the logistical coordination, sample collection and validation of results.<\/p>\t\t\t\t\t\t\t\t<\/div>\n\t\t\t\t<div class=\"elementor-element elementor-element-732d677 elementor-widget elementor-widget-button\" data-id=\"732d677\" data-element_type=\"widget\" data-e-type=\"widget\" data-widget_type=\"button.default\">\n\t\t\t\t\t\t\t\t\t\t<a class=\"elementor-button elementor-button-link elementor-size-sm elementor-animation-shrink\" href=\"\/en\/consultoria-i-d\/\">\n\t\t\t\t\t\t<span class=\"elementor-button-content-wrapper\">\n\t\t\t\t\t\t\t\t\t<span class=\"elementor-button-text\">Learn more<\/span>\n\t\t\t\t\t<\/span>\n\t\t\t\t\t<\/a>\n\t\t\t\t\t\t\t\t<\/div>\n\t\t\t\t<\/div>\n\t\t<div class=\"elementor-element elementor-element-8c66a3d e-con-full e-flex e-con e-child\" data-id=\"8c66a3d\" data-element_type=\"container\" data-e-type=\"container\" data-settings=\"{&quot;background_background&quot;:&quot;classic&quot;}\">\n\t\t\t\t<div class=\"elementor-element elementor-element-eb5bc90 elementor-widget elementor-widget-heading\" data-id=\"eb5bc90\" data-element_type=\"widget\" data-e-type=\"widget\" data-widget_type=\"heading.default\">\n\t\t\t\t\t<h2 class=\"elementor-heading-title elementor-size-default\">Bioinformatics and Experimental Statistics<\/h2>\t\t\t\t<\/div>\n\t\t\t\t<div class=\"elementor-element elementor-element-57c0386 elementor-widget elementor-widget-heading\" data-id=\"57c0386\" data-element_type=\"widget\" data-e-type=\"widget\" data-widget_type=\"heading.default\">\n\t\t\t\t\t<h3 class=\"elementor-heading-title elementor-size-default\">An\u00e1lisis que convierten datos en conocimiento.<\/h3>\t\t\t\t<\/div>\n\t\t\t\t<div class=\"elementor-element elementor-element-3455391 elementor-widget elementor-widget-text-editor\" data-id=\"3455391\" data-element_type=\"widget\" data-e-type=\"widget\" data-widget_type=\"text-editor.default\">\n\t\t\t\t\t\t\t\t\t<p>Aplicamos estad\u00edstica experimental para garantizar la solidez de los hallazgos. Procesamos e integramos datos complejos para descubrir biomarcadores, entender mecanismos de acci\u00f3n y predecir resultados.<\/p>\t\t\t\t\t\t\t\t<\/div>\n\t\t\t\t<div class=\"elementor-element elementor-element-ca6acd5 elementor-widget elementor-widget-button\" data-id=\"ca6acd5\" data-element_type=\"widget\" data-e-type=\"widget\" data-widget_type=\"button.default\">\n\t\t\t\t\t\t\t\t\t\t<a class=\"elementor-button elementor-button-link elementor-size-sm elementor-animation-shrink\" href=\"\/en\/bioinformatica-y-estadistica-experimental\/\">\n\t\t\t\t\t\t<span class=\"elementor-button-content-wrapper\">\n\t\t\t\t\t\t\t\t\t<span class=\"elementor-button-text\">Learn more<\/span>\n\t\t\t\t\t<\/span>\n\t\t\t\t\t<\/a>\n\t\t\t\t\t\t\t\t<\/div>\n\t\t\t\t<\/div>\n\t\t<div class=\"elementor-element elementor-element-7618de8 e-con-full e-flex e-con e-child\" data-id=\"7618de8\" data-element_type=\"container\" data-e-type=\"container\" data-settings=\"{&quot;background_background&quot;:&quot;classic&quot;}\">\n\t\t\t\t<div class=\"elementor-element elementor-element-329acab elementor-widget elementor-widget-spacer\" data-id=\"329acab\" data-element_type=\"widget\" data-e-type=\"widget\" data-widget_type=\"spacer.default\">\n\t\t\t\t\t\t\t<div class=\"elementor-spacer\">\n\t\t\t<div class=\"elementor-spacer-inner\"><\/div>\n\t\t<\/div>\n\t\t\t\t\t\t<\/div>\n\t\t\t\t<\/div>\n\t\t\t\t<\/div>\n\t\t\t\t\t<\/div>\n\t\t\t\t<\/div>\n\t\t<div class=\"elementor-element elementor-element-feb263c e-flex e-con-boxed e-con e-parent\" data-id=\"feb263c\" data-element_type=\"container\" data-e-type=\"container\">\n\t\t\t\t\t<div class=\"e-con-inner\">\n\t\t<div class=\"elementor-element elementor-element-6cf2752 e-con-full e-flex e-con e-child\" data-id=\"6cf2752\" data-element_type=\"container\" data-e-type=\"container\" data-settings=\"{&quot;background_background&quot;:&quot;classic&quot;}\">\n\t\t\t\t<div class=\"elementor-element elementor-element-50b7b98 elementor-widget__width-initial elementor-widget-tablet__width-initial elementor-widget-mobile__width-initial elementor-widget elementor-widget-heading\" data-id=\"50b7b98\" data-element_type=\"widget\" data-e-type=\"widget\" data-widget_type=\"heading.default\">\n\t\t\t\t\t<h2 class=\"elementor-heading-title elementor-size-default\">Ready to boost your next R&amp;D project?<\/h2>\t\t\t\t<\/div>\n\t\t\t\t<div class=\"elementor-element elementor-element-2ab49e2 elementor-widget__width-initial elementor-widget-tablet__width-initial elementor-widget-mobile__width-initial elementor-widget elementor-widget-text-editor\" data-id=\"2ab49e2\" data-element_type=\"widget\" data-e-type=\"widget\" data-widget_type=\"text-editor.default\">\n\t\t\t\t\t\t\t\t\t<p>We help you overcome research bottlenecks, optimize resources and obtain data that make a difference.<\/p>\t\t\t\t\t\t\t\t<\/div>\n\t\t\t\t<div class=\"elementor-element elementor-element-db804b4 elementor-widget elementor-widget-button\" data-id=\"db804b4\" data-element_type=\"widget\" data-e-type=\"widget\" data-widget_type=\"button.default\">\n\t\t\t\t\t\t\t\t\t\t<a class=\"elementor-button elementor-button-link elementor-size-sm elementor-animation-shrink\" href=\"\/en\/contacto\/\">\n\t\t\t\t\t\t<span class=\"elementor-button-content-wrapper\">\n\t\t\t\t\t\t\t\t\t<span class=\"elementor-button-text\">Request a quote<\/span>\n\t\t\t\t\t<\/span>\n\t\t\t\t\t<\/a>\n\t\t\t\t\t\t\t\t<\/div>\n\t\t\t\t<\/div>\n\t\t\t\t\t<\/div>\n\t\t\t\t<\/div>\n\t\t\t\t<\/div>","protected":false},"excerpt":{"rendered":"<p>SERVICIOS Servicios cient\u00edficos dise\u00f1ados para generar resultados medibles. En DataOmics te ayudamos a pasar del planteamiento de una hip\u00f3tesis a la obtenci\u00f3n de datos claros y accionables. Nuestro enfoque combina consultor\u00eda cient\u00edfica, an\u00e1lisis bioinform\u00e1ticos y an\u00e1lisis multi-omics para que cada proyecto se ejecute con precisi\u00f3n, eficiencia y m\u00e1ximo impacto. Consultor\u00eda I+D De la idea a [&hellip;]<\/p>\n","protected":false},"author":5,"featured_media":0,"parent":0,"menu_order":0,"comment_status":"closed","ping_status":"closed","template":"","meta":{"footnotes":""},"class_list":["post-1150","page","type-page","status-publish","hentry"],"yoast_head":"<!-- This site is optimized with the Yoast SEO plugin v27.4 - https:\/\/yoast.com\/product\/yoast-seo-wordpress\/ -->\n<title>Servicios | Dataomics.tech | 2026<\/title>\n<meta name=\"description\" content=\"SERVICIOS Servicios cient\u00edficos dise\u00f1ados para generar resultados medibles. En DataOmics te ayudamos a pasar del planteamiento de una hip\u00f3tesis a la\" \/>\n<meta name=\"robots\" content=\"index, follow, max-snippet:-1, max-image-preview:large, max-video-preview:-1\" \/>\n<link rel=\"canonical\" href=\"https:\/\/dataomics.tech\/en\/servicios\/\" \/>\n<meta property=\"og:locale\" content=\"en_US\" \/>\n<meta property=\"og:type\" content=\"article\" \/>\n<meta property=\"og:title\" content=\"Servicios | Dataomics.tech | 2026\" \/>\n<meta property=\"og:description\" content=\"SERVICIOS Servicios cient\u00edficos dise\u00f1ados para generar resultados medibles. En DataOmics te ayudamos a pasar del planteamiento de una hip\u00f3tesis a la\" \/>\n<meta property=\"og:url\" content=\"https:\/\/dataomics.tech\/en\/servicios\/\" \/>\n<meta property=\"og:site_name\" content=\"DataOmics\" \/>\n<meta property=\"article:modified_time\" content=\"2025-10-27T14:56:27+00:00\" \/>\n<meta name=\"twitter:card\" content=\"summary_large_image\" \/>\n<meta name=\"twitter:label1\" content=\"Est. reading time\" \/>\n\t<meta name=\"twitter:data1\" content=\"1 minute\" \/>\n<script type=\"application\/ld+json\" class=\"yoast-schema-graph\">{\"@context\":\"https:\\\/\\\/schema.org\",\"@graph\":[{\"@type\":\"WebPage\",\"@id\":\"https:\\\/\\\/dataomics.tech\\\/servicios\\\/\",\"url\":\"https:\\\/\\\/dataomics.tech\\\/servicios\\\/\",\"name\":\"Servicios | Dataomics.tech | 2026\",\"isPartOf\":{\"@id\":\"https:\\\/\\\/dataomics.tech\\\/#website\"},\"datePublished\":\"2025-10-15T07:29:57+00:00\",\"dateModified\":\"2025-10-27T14:56:27+00:00\",\"description\":\"SERVICIOS Servicios cient\u00edficos dise\u00f1ados para generar resultados medibles. En DataOmics te ayudamos a pasar del planteamiento de una hip\u00f3tesis a la\",\"breadcrumb\":{\"@id\":\"https:\\\/\\\/dataomics.tech\\\/servicios\\\/#breadcrumb\"},\"inLanguage\":\"en-US\",\"potentialAction\":[{\"@type\":\"ReadAction\",\"target\":[\"https:\\\/\\\/dataomics.tech\\\/servicios\\\/\"]}]},{\"@type\":\"BreadcrumbList\",\"@id\":\"https:\\\/\\\/dataomics.tech\\\/servicios\\\/#breadcrumb\",\"itemListElement\":[{\"@type\":\"ListItem\",\"position\":1,\"name\":\"Portada\",\"item\":\"https:\\\/\\\/dataomics.tech\\\/\"},{\"@type\":\"ListItem\",\"position\":2,\"name\":\"Servicios\"}]},{\"@type\":\"WebSite\",\"@id\":\"https:\\\/\\\/dataomics.tech\\\/#website\",\"url\":\"https:\\\/\\\/dataomics.tech\\\/\",\"name\":\"DataOmics\",\"description\":\"\",\"publisher\":{\"@id\":\"https:\\\/\\\/dataomics.tech\\\/#organization\"},\"potentialAction\":[{\"@type\":\"SearchAction\",\"target\":{\"@type\":\"EntryPoint\",\"urlTemplate\":\"https:\\\/\\\/dataomics.tech\\\/?s={search_term_string}\"},\"query-input\":{\"@type\":\"PropertyValueSpecification\",\"valueRequired\":true,\"valueName\":\"search_term_string\"}}],\"inLanguage\":\"en-US\"},{\"@type\":\"Organization\",\"@id\":\"https:\\\/\\\/dataomics.tech\\\/#organization\",\"name\":\"DataOmics\",\"url\":\"https:\\\/\\\/dataomics.tech\\\/\",\"logo\":{\"@type\":\"ImageObject\",\"inLanguage\":\"en-US\",\"@id\":\"https:\\\/\\\/dataomics.tech\\\/#\\\/schema\\\/logo\\\/image\\\/\",\"url\":\"https:\\\/\\\/dataomics.tech\\\/wp-content\\\/uploads\\\/2020\\\/09\\\/do-dataomicsv.png\",\"contentUrl\":\"https:\\\/\\\/dataomics.tech\\\/wp-content\\\/uploads\\\/2020\\\/09\\\/do-dataomicsv.png\",\"width\":1800,\"height\":1200,\"caption\":\"DataOmics\"},\"image\":{\"@id\":\"https:\\\/\\\/dataomics.tech\\\/#\\\/schema\\\/logo\\\/image\\\/\"}}]}<\/script>\n<!-- \/ Yoast SEO plugin. -->","yoast_head_json":{"title":"Servicios | Dataomics.tech | 2026","description":"SERVICIOS Servicios cient\u00edficos dise\u00f1ados para generar resultados medibles. En DataOmics te ayudamos a pasar del planteamiento de una hip\u00f3tesis a la","robots":{"index":"index","follow":"follow","max-snippet":"max-snippet:-1","max-image-preview":"max-image-preview:large","max-video-preview":"max-video-preview:-1"},"canonical":"https:\/\/dataomics.tech\/en\/servicios\/","og_locale":"en_US","og_type":"article","og_title":"Servicios | Dataomics.tech | 2026","og_description":"SERVICIOS Servicios cient\u00edficos dise\u00f1ados para generar resultados medibles. En DataOmics te ayudamos a pasar del planteamiento de una hip\u00f3tesis a la","og_url":"https:\/\/dataomics.tech\/en\/servicios\/","og_site_name":"DataOmics","article_modified_time":"2025-10-27T14:56:27+00:00","twitter_card":"summary_large_image","twitter_misc":{"Est. reading time":"1 minute"},"schema":{"@context":"https:\/\/schema.org","@graph":[{"@type":"WebPage","@id":"https:\/\/dataomics.tech\/servicios\/","url":"https:\/\/dataomics.tech\/servicios\/","name":"Servicios | Dataomics.tech | 2026","isPartOf":{"@id":"https:\/\/dataomics.tech\/#website"},"datePublished":"2025-10-15T07:29:57+00:00","dateModified":"2025-10-27T14:56:27+00:00","description":"SERVICIOS Servicios cient\u00edficos dise\u00f1ados para generar resultados medibles. En DataOmics te ayudamos a pasar del planteamiento de una hip\u00f3tesis a la","breadcrumb":{"@id":"https:\/\/dataomics.tech\/servicios\/#breadcrumb"},"inLanguage":"en-US","potentialAction":[{"@type":"ReadAction","target":["https:\/\/dataomics.tech\/servicios\/"]}]},{"@type":"BreadcrumbList","@id":"https:\/\/dataomics.tech\/servicios\/#breadcrumb","itemListElement":[{"@type":"ListItem","position":1,"name":"Portada","item":"https:\/\/dataomics.tech\/"},{"@type":"ListItem","position":2,"name":"Servicios"}]},{"@type":"WebSite","@id":"https:\/\/dataomics.tech\/#website","url":"https:\/\/dataomics.tech\/","name":"DataOmics","description":"","publisher":{"@id":"https:\/\/dataomics.tech\/#organization"},"potentialAction":[{"@type":"SearchAction","target":{"@type":"EntryPoint","urlTemplate":"https:\/\/dataomics.tech\/?s={search_term_string}"},"query-input":{"@type":"PropertyValueSpecification","valueRequired":true,"valueName":"search_term_string"}}],"inLanguage":"en-US"},{"@type":"Organization","@id":"https:\/\/dataomics.tech\/#organization","name":"DataOmics","url":"https:\/\/dataomics.tech\/","logo":{"@type":"ImageObject","inLanguage":"en-US","@id":"https:\/\/dataomics.tech\/#\/schema\/logo\/image\/","url":"https:\/\/dataomics.tech\/wp-content\/uploads\/2020\/09\/do-dataomicsv.png","contentUrl":"https:\/\/dataomics.tech\/wp-content\/uploads\/2020\/09\/do-dataomicsv.png","width":1800,"height":1200,"caption":"DataOmics"},"image":{"@id":"https:\/\/dataomics.tech\/#\/schema\/logo\/image\/"}}]}},"_links":{"self":[{"href":"https:\/\/dataomics.tech\/en\/wp-json\/wp\/v2\/pages\/1150","targetHints":{"allow":["GET"]}}],"collection":[{"href":"https:\/\/dataomics.tech\/en\/wp-json\/wp\/v2\/pages"}],"about":[{"href":"https:\/\/dataomics.tech\/en\/wp-json\/wp\/v2\/types\/page"}],"author":[{"embeddable":true,"href":"https:\/\/dataomics.tech\/en\/wp-json\/wp\/v2\/users\/5"}],"replies":[{"embeddable":true,"href":"https:\/\/dataomics.tech\/en\/wp-json\/wp\/v2\/comments?post=1150"}],"version-history":[{"count":29,"href":"https:\/\/dataomics.tech\/en\/wp-json\/wp\/v2\/pages\/1150\/revisions"}],"predecessor-version":[{"id":1510,"href":"https:\/\/dataomics.tech\/en\/wp-json\/wp\/v2\/pages\/1150\/revisions\/1510"}],"wp:attachment":[{"href":"https:\/\/dataomics.tech\/en\/wp-json\/wp\/v2\/media?parent=1150"}],"curies":[{"name":"wp","href":"https:\/\/api.w.org\/{rel}","templated":true}]}}